{"id":142,"date":"2020-02-24T14:01:31","date_gmt":"2020-02-24T14:01:31","guid":{"rendered":"https:\/\/demosites.io\/lawyers-gb\/?page_id=142"},"modified":"2025-07-22T17:04:09","modified_gmt":"2025-07-22T15:04:09","slug":"home","status":"publish","type":"page","link":"https:\/\/meztaxlegal.com\/en\/","title":{"rendered":"Home"},"content":{"rendered":"<div data-elementor-type=\"wp-page\" data-elementor-id=\"142\" class=\"elementor elementor-142\">\n\t\t\t\t<div class=\"elementor-element elementor-element-893d6bc e-con-full e-flex e-con e-parent\" data-id=\"893d6bc\" data-element_type=\"container\" data-settings=\"{&quot;background_background&quot;:&quot;classic&quot;}\">\n\t\t<div class=\"elementor-element elementor-element-b712c63 e-con-full e-flex e-con e-child\" data-id=\"b712c63\" data-element_type=\"container\" data-settings=\"{&quot;background_background&quot;:&quot;classic&quot;}\">\n\t\t\t\t<div class=\"elementor-element elementor-element-6bac175 elementor-widget elementor-widget-text-editor\" data-id=\"6bac175\" data-element_type=\"widget\" data-widget_type=\"text-editor.default\">\n\t\t\t\t<div class=\"elementor-widget-container\">\n\t\t\t\t\t\t\t\t\t<p>YOUR PARTNERS IN BUSINESS<\/p>\t\t\t\t\t\t\t\t<\/div>\n\t\t\t\t<\/div>\n\t\t\t\t<div class=\"elementor-element elementor-element-66e815a elementor-widget elementor-widget-image\" data-id=\"66e815a\" data-element_type=\"widget\" data-widget_type=\"image.default\">\n\t\t\t\t<div class=\"elementor-widget-container\">\n\t\t\t\t\t\t\t\t\t\t\t\t\t\t\t<img fetchpriority=\"high\" decoding=\"async\" width=\"877\" height=\"234\" src=\"https:\/\/meztaxlegal.com\/wp-content\/uploads\/2024\/02\/XXX-removebg-preview.png\" class=\"attachment-full size-full wp-image-216\" alt=\"\" srcset=\"https:\/\/meztaxlegal.com\/wp-content\/uploads\/2024\/02\/XXX-removebg-preview.png 877w, https:\/\/meztaxlegal.com\/wp-content\/uploads\/2024\/02\/XXX-removebg-preview-300x80.png 300w, https:\/\/meztaxlegal.com\/wp-content\/uploads\/2024\/02\/XXX-removebg-preview-768x205.png 768w\" sizes=\"(max-width: 877px) 100vw, 877px\" \/>\t\t\t\t\t\t\t\t\t\t\t\t\t\t\t<\/div>\n\t\t\t\t<\/div>\n\t\t\t\t<div class=\"elementor-element elementor-element-d7e3797 elementor-widget elementor-widget-text-editor\" data-id=\"d7e3797\" data-element_type=\"widget\" data-widget_type=\"text-editor.default\">\n\t\t\t\t<div class=\"elementor-widget-container\">\n\t\t\t\t\t\t\t\t\t<p>Tax | Legal | Audit<\/p>\t\t\t\t\t\t\t\t<\/div>\n\t\t\t\t<\/div>\n\t\t\t\t<\/div>\n\t\t\t\t<\/div>\n\t\t<div class=\"elementor-element elementor-element-5f0c08c e-con-full e-flex e-con e-parent\" data-id=\"5f0c08c\" data-element_type=\"container\" data-settings=\"{&quot;background_background&quot;:&quot;classic&quot;}\">\n\t\t\t\t<div class=\"elementor-element elementor-element-37ec5f2 elementor-widget elementor-widget-heading\" data-id=\"37ec5f2\" data-element_type=\"widget\" data-widget_type=\"heading.default\">\n\t\t\t\t<div class=\"elementor-widget-container\">\n\t\t\t\t\t<h2 class=\"elementor-heading-title elementor-size-default\">Practice areas<\/h2>\t\t\t\t<\/div>\n\t\t\t\t<\/div>\n\t\t\t\t<\/div>\n\t\t<div class=\"elementor-element elementor-element-4be52f0 e-flex e-con-boxed e-con e-parent\" data-id=\"4be52f0\" data-element_type=\"container\" data-settings=\"{&quot;background_background&quot;:&quot;classic&quot;}\">\n\t\t\t\t\t<div class=\"e-con-inner\">\n\t\t<div class=\"elementor-element elementor-element-251bb50 e-con-full e-flex e-con e-child\" data-id=\"251bb50\" data-element_type=\"container\" data-settings=\"{&quot;background_background&quot;:&quot;classic&quot;}\">\n\t\t\t\t<div class=\"elementor-element elementor-element-13237f0 elementor-view-default elementor-position-top elementor-mobile-position-top elementor-widget elementor-widget-icon-box\" data-id=\"13237f0\" data-element_type=\"widget\" data-widget_type=\"icon-box.default\">\n\t\t\t\t<div class=\"elementor-widget-container\">\n\t\t\t\t\t\t\t<div class=\"elementor-icon-box-wrapper\">\n\n\t\t\t\t\t\t<div class=\"elementor-icon-box-icon\">\n\t\t\t\t<a href=\"\/en\/legal\/\" class=\"elementor-icon\" tabindex=\"-1\" aria-label=\"Legal\">\n\t\t\t\t<svg aria-hidden=\"true\" class=\"e-font-icon-svg e-fas-balance-scale\" viewbox=\"0 0 640 512\" xmlns=\"http:\/\/www.w3.org\/2000\/svg\"><path d=\"M256 336h-.02c0-16.18 1.34-8.73-85.05-181.51-17.65-35.29-68.19-35.36-85.87 0C-2.06 328.75.02 320.33.02 336H0c0 44.18 57.31 80 128 80s128-35.82 128-80zM128 176l72 144H56l72-144zm511.98 160c0-16.18 1.34-8.73-85.05-181.51-17.65-35.29-68.19-35.36-85.87 0-87.12 174.26-85.04 165.84-85.04 181.51H384c0 44.18 57.31 80 128 80s128-35.82 128-80h-.02zM440 320l72-144 72 144H440zm88 128H352V153.25c23.51-10.29 41.16-31.48 46.39-57.25H528c8.84 0 16-7.16 16-16V48c0-8.84-7.16-16-16-16H383.64C369.04 12.68 346.09 0 320 0s-49.04 12.68-63.64 32H112c-8.84 0-16 7.16-16 16v32c0 8.84 7.16 16 16 16h129.61c5.23 25.76 22.87 46.96 46.39 57.25V448H112c-8.84 0-16 7.16-16 16v32c0 8.84 7.16 16 16 16h416c8.84 0 16-7.16 16-16v-32c0-8.84-7.16-16-16-16z\"><\/path><\/svg>\t\t\t\t<\/a>\n\t\t\t<\/div>\n\t\t\t\n\t\t\t\t\t\t<div class=\"elementor-icon-box-content\">\n\n\t\t\t\t\t\t\t\t\t<h3 class=\"elementor-icon-box-title\">\n\t\t\t\t\t\t<a href=\"\/en\/legal\/\" >\n\t\t\t\t\t\t\tLegal\t\t\t\t\t\t<\/a>\n\t\t\t\t\t<\/h3>\n\t\t\t\t\n\t\t\t\t\t\t\t\t\t<p class=\"elementor-icon-box-description\">\n\t\t\t\t\t\tTax, corporate and\ncriminal law\t\t\t\t\t<\/p>\n\t\t\t\t\n\t\t\t<\/div>\n\t\t\t\n\t\t<\/div>\n\t\t\t\t\t\t<\/div>\n\t\t\t\t<\/div>\n\t\t\t\t<\/div>\n\t\t<div class=\"elementor-element elementor-element-e640d48 e-con-full e-flex e-con e-child\" data-id=\"e640d48\" data-element_type=\"container\" data-settings=\"{&quot;background_background&quot;:&quot;classic&quot;}\">\n\t\t\t\t<div class=\"elementor-element elementor-element-be8618e elementor-view-default elementor-position-top elementor-mobile-position-top elementor-widget elementor-widget-icon-box\" data-id=\"be8618e\" data-element_type=\"widget\" data-widget_type=\"icon-box.default\">\n\t\t\t\t<div class=\"elementor-widget-container\">\n\t\t\t\t\t\t\t<div class=\"elementor-icon-box-wrapper\">\n\n\t\t\t\t\t\t<div class=\"elementor-icon-box-icon\">\n\t\t\t\t<a href=\"\/en\/cumplimiento\/\" class=\"elementor-icon\" tabindex=\"-1\" aria-label=\"Accounting\">\n\t\t\t\t<svg aria-hidden=\"true\" class=\"e-font-icon-svg e-fas-check-circle\" viewbox=\"0 0 512 512\" xmlns=\"http:\/\/www.w3.org\/2000\/svg\"><path d=\"M504 256c0 136.967-111.033 248-248 248S8 392.967 8 256 119.033 8 256 8s248 111.033 248 248zM227.314 387.314l184-184c6.248-6.248 6.248-16.379 0-22.627l-22.627-22.627c-6.248-6.249-16.379-6.249-22.628 0L216 308.118l-70.059-70.059c-6.248-6.248-16.379-6.248-22.628 0l-22.627 22.627c-6.248 6.248-6.248 16.379 0 22.627l104 104c6.249 6.249 16.379 6.249 22.628.001z\"><\/path><\/svg>\t\t\t\t<\/a>\n\t\t\t<\/div>\n\t\t\t\n\t\t\t\t\t\t<div class=\"elementor-icon-box-content\">\n\n\t\t\t\t\t\t\t\t\t<h3 class=\"elementor-icon-box-title\">\n\t\t\t\t\t\t<a href=\"\/en\/cumplimiento\/\" >\n\t\t\t\t\t\t\tAccounting\t\t\t\t\t\t<\/a>\n\t\t\t\t\t<\/h3>\n\t\t\t\t\n\t\t\t\t\t\t\t\t\t<p class=\"elementor-icon-box-description\">\n\t\t\t\t\t\tBookkeeping and support for tax compliance\n\t\t\t\t\t<\/p>\n\t\t\t\t\n\t\t\t<\/div>\n\t\t\t\n\t\t<\/div>\n\t\t\t\t\t\t<\/div>\n\t\t\t\t<\/div>\n\t\t\t\t<\/div>\n\t\t<div class=\"elementor-element elementor-element-f21cc05 e-con-full e-flex e-con e-child\" data-id=\"f21cc05\" data-element_type=\"container\" data-settings=\"{&quot;background_background&quot;:&quot;classic&quot;}\">\n\t\t\t\t<div class=\"elementor-element elementor-element-dcac953 elementor-view-default elementor-position-top elementor-mobile-position-top elementor-widget elementor-widget-icon-box\" data-id=\"dcac953\" data-element_type=\"widget\" data-widget_type=\"icon-box.default\">\n\t\t\t\t<div class=\"elementor-widget-container\">\n\t\t\t\t\t\t\t<div class=\"elementor-icon-box-wrapper\">\n\n\t\t\t\t\t\t<div class=\"elementor-icon-box-icon\">\n\t\t\t\t<a href=\"\/en\/fiscal\/\" class=\"elementor-icon\" tabindex=\"-1\" aria-label=\"Taxes\">\n\t\t\t\t<svg aria-hidden=\"true\" class=\"e-font-icon-svg e-fas-percent\" viewbox=\"0 0 448 512\" xmlns=\"http:\/\/www.w3.org\/2000\/svg\"><path d=\"M112 224c61.9 0 112-50.1 112-112S173.9 0 112 0 0 50.1 0 112s50.1 112 112 112zm0-160c26.5 0 48 21.5 48 48s-21.5 48-48 48-48-21.5-48-48 21.5-48 48-48zm224 224c-61.9 0-112 50.1-112 112s50.1 112 112 112 112-50.1 112-112-50.1-112-112-112zm0 160c-26.5 0-48-21.5-48-48s21.5-48 48-48 48 21.5 48 48-21.5 48-48 48zM392.3.2l31.6-.1c19.4-.1 30.9 21.8 19.7 37.8L77.4 501.6a23.95 23.95 0 0 1-19.6 10.2l-33.4.1c-19.5 0-30.9-21.9-19.7-37.8l368-463.7C377.2 4 384.5.2 392.3.2z\"><\/path><\/svg>\t\t\t\t<\/a>\n\t\t\t<\/div>\n\t\t\t\n\t\t\t\t\t\t<div class=\"elementor-icon-box-content\">\n\n\t\t\t\t\t\t\t\t\t<h3 class=\"elementor-icon-box-title\">\n\t\t\t\t\t\t<a href=\"\/en\/fiscal\/\" >\n\t\t\t\t\t\t\tTaxes\t\t\t\t\t\t<\/a>\n\t\t\t\t\t<\/h3>\n\t\t\t\t\n\t\t\t\t\t\t\t\t\t<p class=\"elementor-icon-box-description\">\n\t\t\t\t\t\tTax from every angle\t\t\t\t\t<\/p>\n\t\t\t\t\n\t\t\t<\/div>\n\t\t\t\n\t\t<\/div>\n\t\t\t\t\t\t<\/div>\n\t\t\t\t<\/div>\n\t\t\t\t<\/div>\n\t\t<div class=\"elementor-element elementor-element-31fa463 e-con-full e-flex e-con e-child\" data-id=\"31fa463\" data-element_type=\"container\" data-settings=\"{&quot;background_background&quot;:&quot;classic&quot;}\">\n\t\t\t\t<div class=\"elementor-element elementor-element-56e8f8d elementor-view-default elementor-position-top elementor-mobile-position-top elementor-widget elementor-widget-icon-box\" data-id=\"56e8f8d\" data-element_type=\"widget\" data-widget_type=\"icon-box.default\">\n\t\t\t\t<div class=\"elementor-widget-container\">\n\t\t\t\t\t\t\t<div class=\"elementor-icon-box-wrapper\">\n\n\t\t\t\t\t\t<div class=\"elementor-icon-box-icon\">\n\t\t\t\t<a href=\"\/en\/comercio-exterior\/\" class=\"elementor-icon\" tabindex=\"-1\" aria-label=\"Foreign trade\">\n\t\t\t\t<svg aria-hidden=\"true\" class=\"e-font-icon-svg e-fas-globe-europe\" viewbox=\"0 0 496 512\" xmlns=\"http:\/\/www.w3.org\/2000\/svg\"><path d=\"M248 8C111 8 0 119 0 256s111 248 248 248 248-111 248-248S385 8 248 8zm200 248c0 22.5-3.9 44.2-10.8 64.4h-20.3c-4.3 0-8.4-1.7-11.4-4.8l-32-32.6c-4.5-4.6-4.5-12.1.1-16.7l12.5-12.5v-8.7c0-3-1.2-5.9-3.3-8l-9.4-9.4c-2.1-2.1-5-3.3-8-3.3h-16c-6.2 0-11.3-5.1-11.3-11.3 0-3 1.2-5.9 3.3-8l9.4-9.4c2.1-2.1 5-3.3 8-3.3h32c6.2 0 11.3-5.1 11.3-11.3v-9.4c0-6.2-5.1-11.3-11.3-11.3h-36.7c-8.8 0-16 7.2-16 16v4.5c0 6.9-4.4 13-10.9 15.2l-31.6 10.5c-3.3 1.1-5.5 4.1-5.5 7.6v2.2c0 4.4-3.6 8-8 8h-16c-4.4 0-8-3.6-8-8s-3.6-8-8-8H247c-3 0-5.8 1.7-7.2 4.4l-9.4 18.7c-2.7 5.4-8.2 8.8-14.3 8.8H194c-8.8 0-16-7.2-16-16V199c0-4.2 1.7-8.3 4.7-11.3l20.1-20.1c4.6-4.6 7.2-10.9 7.2-17.5 0-3.4 2.2-6.5 5.5-7.6l40-13.3c1.7-.6 3.2-1.5 4.4-2.7l26.8-26.8c2.1-2.1 3.3-5 3.3-8 0-6.2-5.1-11.3-11.3-11.3H258l-16 16v8c0 4.4-3.6 8-8 8h-16c-4.4 0-8-3.6-8-8v-20c0-2.5 1.2-4.9 3.2-6.4l28.9-21.7c1.9-.1 3.8-.3 5.7-.3C358.3 56 448 145.7 448 256zM130.1 149.1c0-3 1.2-5.9 3.3-8l25.4-25.4c2.1-2.1 5-3.3 8-3.3 6.2 0 11.3 5.1 11.3 11.3v16c0 3-1.2 5.9-3.3 8l-9.4 9.4c-2.1 2.1-5 3.3-8 3.3h-16c-6.2 0-11.3-5.1-11.3-11.3zm128 306.4v-7.1c0-8.8-7.2-16-16-16h-20.2c-10.8 0-26.7-5.3-35.4-11.8l-22.2-16.7c-11.5-8.6-18.2-22.1-18.2-36.4v-23.9c0-16 8.4-30.8 22.1-39l42.9-25.7c7.1-4.2 15.2-6.5 23.4-6.5h31.2c10.9 0 21.4 3.9 29.6 10.9l43.2 37.1h18.3c8.5 0 16.6 3.4 22.6 9.4l17.3 17.3c3.4 3.4 8.1 5.3 12.9 5.3H423c-32.4 58.9-93.8 99.5-164.9 103.1z\"><\/path><\/svg>\t\t\t\t<\/a>\n\t\t\t<\/div>\n\t\t\t\n\t\t\t\t\t\t<div class=\"elementor-icon-box-content\">\n\n\t\t\t\t\t\t\t\t\t<h3 class=\"elementor-icon-box-title\">\n\t\t\t\t\t\t<a href=\"\/en\/comercio-exterior\/\" >\n\t\t\t\t\t\t\tForeign trade\t\t\t\t\t\t<\/a>\n\t\t\t\t\t<\/h3>\n\t\t\t\t\n\t\t\t\t\t\t\t\t\t<p class=\"elementor-icon-box-description\">\n\t\t\t\t\t\tImport and export consulting\n\n\t\t\t\t\t<\/p>\n\t\t\t\t\n\t\t\t<\/div>\n\t\t\t\n\t\t<\/div>\n\t\t\t\t\t\t<\/div>\n\t\t\t\t<\/div>\n\t\t\t\t<\/div>\n\t\t<div class=\"elementor-element elementor-element-41fa58f e-con-full e-flex e-con e-child\" data-id=\"41fa58f\" data-element_type=\"container\" data-settings=\"{&quot;background_background&quot;:&quot;classic&quot;}\">\n\t\t\t\t<div class=\"elementor-element elementor-element-4428956 elementor-view-default elementor-position-top elementor-mobile-position-top elementor-widget elementor-widget-icon-box\" data-id=\"4428956\" data-element_type=\"widget\" data-widget_type=\"icon-box.default\">\n\t\t\t\t<div class=\"elementor-widget-container\">\n\t\t\t\t\t\t\t<div class=\"elementor-icon-box-wrapper\">\n\n\t\t\t\t\t\t<div class=\"elementor-icon-box-icon\">\n\t\t\t\t<a href=\"\/en\/auditoria\/\" class=\"elementor-icon\" tabindex=\"-1\" aria-label=\"Audit &amp; Buisiness Consulting\">\n\t\t\t\t<svg aria-hidden=\"true\" class=\"e-font-icon-svg e-fas-chart-line\" viewbox=\"0 0 512 512\" xmlns=\"http:\/\/www.w3.org\/2000\/svg\"><path d=\"M496 384H64V80c0-8.84-7.16-16-16-16H16C7.16 64 0 71.16 0 80v336c0 17.67 14.33 32 32 32h464c8.84 0 16-7.16 16-16v-32c0-8.84-7.16-16-16-16zM464 96H345.94c-21.38 0-32.09 25.85-16.97 40.97l32.4 32.4L288 242.75l-73.37-73.37c-12.5-12.5-32.76-12.5-45.25 0l-68.69 68.69c-6.25 6.25-6.25 16.38 0 22.63l22.62 22.62c6.25 6.25 16.38 6.25 22.63 0L192 237.25l73.37 73.37c12.5 12.5 32.76 12.5 45.25 0l96-96 32.4 32.4c15.12 15.12 40.97 4.41 40.97-16.97V112c.01-8.84-7.15-16-15.99-16z\"><\/path><\/svg>\t\t\t\t<\/a>\n\t\t\t<\/div>\n\t\t\t\n\t\t\t\t\t\t<div class=\"elementor-icon-box-content\">\n\n\t\t\t\t\t\t\t\t\t<h3 class=\"elementor-icon-box-title\">\n\t\t\t\t\t\t<a href=\"\/en\/auditoria\/\" >\n\t\t\t\t\t\t\tAudit &amp; Buisiness Consulting\t\t\t\t\t\t<\/a>\n\t\t\t\t\t<\/h3>\n\t\t\t\t\n\t\t\t\t\t\t\t\t\t<p class=\"elementor-icon-box-description\">\n\t\t\t\t\t\tBusiness and financial\ninformation solutions\t\t\t\t\t<\/p>\n\t\t\t\t\n\t\t\t<\/div>\n\t\t\t\n\t\t<\/div>\n\t\t\t\t\t\t<\/div>\n\t\t\t\t<\/div>\n\t\t\t\t<\/div>\n\t\t<div class=\"elementor-element elementor-element-a9a3112 e-con-full e-flex e-con e-child\" data-id=\"a9a3112\" data-element_type=\"container\" data-settings=\"{&quot;background_background&quot;:&quot;classic&quot;}\">\n\t\t\t\t<div class=\"elementor-element elementor-element-89174f6 elementor-view-default elementor-position-top elementor-mobile-position-top elementor-widget elementor-widget-icon-box\" data-id=\"89174f6\" data-element_type=\"widget\" data-widget_type=\"icon-box.default\">\n\t\t\t\t<div class=\"elementor-widget-container\">\n\t\t\t\t\t\t\t<div class=\"elementor-icon-box-wrapper\">\n\n\t\t\t\t\t\t<div class=\"elementor-icon-box-icon\">\n\t\t\t\t<a href=\"\/en\/capital-humano\/\" class=\"elementor-icon\" tabindex=\"-1\" aria-label=\"Compensation and benefits\">\n\t\t\t\t<svg aria-hidden=\"true\" class=\"e-font-icon-svg e-fas-tools\" viewbox=\"0 0 512 512\" xmlns=\"http:\/\/www.w3.org\/2000\/svg\"><path d=\"M501.1 395.7L384 278.6c-23.1-23.1-57.6-27.6-85.4-13.9L192 158.1V96L64 0 0 64l96 128h62.1l106.6 106.6c-13.6 27.8-9.2 62.3 13.9 85.4l117.1 117.1c14.6 14.6 38.2 14.6 52.7 0l52.7-52.7c14.5-14.6 14.5-38.2 0-52.7zM331.7 225c28.3 0 54.9 11 74.9 31l19.4 19.4c15.8-6.9 30.8-16.5 43.8-29.5 37.1-37.1 49.7-89.3 37.9-136.7-2.2-9-13.5-12.1-20.1-5.5l-74.4 74.4-67.9-11.3L334 98.9l74.4-74.4c6.6-6.6 3.4-17.9-5.7-20.2-47.4-11.7-99.6.9-136.6 37.9-28.5 28.5-41.9 66.1-41.2 103.6l82.1 82.1c8.1-1.9 16.5-2.9 24.7-2.9zm-103.9 82l-56.7-56.7L18.7 402.8c-25 25-25 65.5 0 90.5s65.5 25 90.5 0l123.6-123.6c-7.6-19.9-9.9-41.6-5-62.7zM64 472c-13.2 0-24-10.8-24-24 0-13.3 10.7-24 24-24s24 10.7 24 24c0 13.2-10.7 24-24 24z\"><\/path><\/svg>\t\t\t\t<\/a>\n\t\t\t<\/div>\n\t\t\t\n\t\t\t\t\t\t<div class=\"elementor-icon-box-content\">\n\n\t\t\t\t\t\t\t\t\t<h3 class=\"elementor-icon-box-title\">\n\t\t\t\t\t\t<a href=\"\/en\/capital-humano\/\" >\n\t\t\t\t\t\t\tCompensation and benefits\t\t\t\t\t\t<\/a>\n\t\t\t\t\t<\/h3>\n\t\t\t\t\n\t\t\t\t\t\t\t\t\t<p class=\"elementor-icon-box-description\">\n\t\t\t\t\t\tConsulting, compliance and planning for local taxes and social security \n\t\t\t\t\t<\/p>\n\t\t\t\t\n\t\t\t<\/div>\n\t\t\t\n\t\t<\/div>\n\t\t\t\t\t\t<\/div>\n\t\t\t\t<\/div>\n\t\t\t\t<\/div>\n\t\t<div class=\"elementor-element elementor-element-baabd47 e-con-full e-flex e-con e-child\" data-id=\"baabd47\" data-element_type=\"container\" data-settings=\"{&quot;background_background&quot;:&quot;classic&quot;}\">\n\t\t\t\t<div class=\"elementor-element elementor-element-47e84e2 elementor-view-default elementor-position-top elementor-mobile-position-top elementor-widget elementor-widget-icon-box\" data-id=\"47e84e2\" data-element_type=\"widget\" data-widget_type=\"icon-box.default\">\n\t\t\t\t<div class=\"elementor-widget-container\">\n\t\t\t\t\t\t\t<div class=\"elementor-icon-box-wrapper\">\n\n\t\t\t\t\t\t<div class=\"elementor-icon-box-icon\">\n\t\t\t\t<a href=\"\/en\/preciostransferencia\/\" class=\"elementor-icon\" tabindex=\"-1\" aria-label=\"Transfer Pricing\">\n\t\t\t\t<svg aria-hidden=\"true\" class=\"e-font-icon-svg e-fas-dollar-sign\" viewbox=\"0 0 288 512\" xmlns=\"http:\/\/www.w3.org\/2000\/svg\"><path d=\"M209.2 233.4l-108-31.6C88.7 198.2 80 186.5 80 173.5c0-16.3 13.2-29.5 29.5-29.5h66.3c12.2 0 24.2 3.7 34.2 10.5 6.1 4.1 14.3 3.1 19.5-2l34.8-34c7.1-6.9 6.1-18.4-1.8-24.5C238 74.8 207.4 64.1 176 64V16c0-8.8-7.2-16-16-16h-32c-8.8 0-16 7.2-16 16v48h-2.5C45.8 64-5.4 118.7.5 183.6c4.2 46.1 39.4 83.6 83.8 96.6l102.5 30c12.5 3.7 21.2 15.3 21.2 28.3 0 16.3-13.2 29.5-29.5 29.5h-66.3C100 368 88 364.3 78 357.5c-6.1-4.1-14.3-3.1-19.5 2l-34.8 34c-7.1 6.9-6.1 18.4 1.8 24.5 24.5 19.2 55.1 29.9 86.5 30v48c0 8.8 7.2 16 16 16h32c8.8 0 16-7.2 16-16v-48.2c46.6-.9 90.3-28.6 105.7-72.7 21.5-61.6-14.6-124.8-72.5-141.7z\"><\/path><\/svg>\t\t\t\t<\/a>\n\t\t\t<\/div>\n\t\t\t\n\t\t\t\t\t\t<div class=\"elementor-icon-box-content\">\n\n\t\t\t\t\t\t\t\t\t<h3 class=\"elementor-icon-box-title\">\n\t\t\t\t\t\t<a href=\"\/en\/preciostransferencia\/\" >\n\t\t\t\t\t\t\tTransfer Pricing\t\t\t\t\t\t<\/a>\n\t\t\t\t\t<\/h3>\n\t\t\t\t\n\t\t\t\t\t\t\t\t\t<p class=\"elementor-icon-box-description\">\n\t\t\t\t\t\tPlanning, documentation and consulting for related parties transactions\n\t\t\t\t\t<\/p>\n\t\t\t\t\n\t\t\t<\/div>\n\t\t\t\n\t\t<\/div>\n\t\t\t\t\t\t<\/div>\n\t\t\t\t<\/div>\n\t\t\t\t<\/div>\n\t\t\t\t\t<\/div>\n\t\t\t\t<\/div>\n\t\t<div class=\"elementor-element elementor-element-1404784 e-flex e-con-boxed e-con e-parent\" data-id=\"1404784\" data-element_type=\"container\">\n\t\t\t\t\t<div class=\"e-con-inner\">\n\t\t<div class=\"elementor-element elementor-element-1eb709e e-con-full e-flex e-con e-child\" data-id=\"1eb709e\" data-element_type=\"container\">\n\t\t\t\t<div class=\"elementor-element elementor-element-1750c9d elementor-widget elementor-widget-heading\" data-id=\"1750c9d\" data-element_type=\"widget\" data-widget_type=\"heading.default\">\n\t\t\t\t<div class=\"elementor-widget-container\">\n\t\t\t\t\t<h2 class=\"elementor-heading-title elementor-size-default\">Experience in different operations and industries\n<\/h2>\t\t\t\t<\/div>\n\t\t\t\t<\/div>\n\t\t\t\t<div class=\"elementor-element elementor-element-785064a elementor-widget elementor-widget-text-editor\" data-id=\"785064a\" data-element_type=\"widget\" data-widget_type=\"text-editor.default\">\n\t\t\t\t<div class=\"elementor-widget-container\">\n\t\t\t\t\t\t\t\t\t<p><span style=\"font-family: proxima-nova; font-size: 14pt;\">We are a multidisciplinary firm focused on results regarding auditing, legal, project management, finance, tax advisory, accounting (BPS), advice on energy projects, listing on the stock exchange, transfer pricing as well as social security contributions and local taxes.<\/span><\/p>\t\t\t\t\t\t\t\t<\/div>\n\t\t\t\t<\/div>\n\t\t\t\t<div class=\"elementor-element elementor-element-f5f575c elementor-widget elementor-widget-button\" data-id=\"f5f575c\" data-element_type=\"widget\" data-widget_type=\"button.default\">\n\t\t\t\t<div class=\"elementor-widget-container\">\n\t\t\t\t\t\t\t\t\t<div class=\"elementor-button-wrapper\">\n\t\t\t\t\t<a class=\"elementor-button elementor-button-link elementor-size-lg\" href=\"\/en\/nosotros\/\">\n\t\t\t\t\t\t<span class=\"elementor-button-content-wrapper\">\n\t\t\t\t\t\t\t\t\t<span class=\"elementor-button-text\">More about us<\/span>\n\t\t\t\t\t<\/span>\n\t\t\t\t\t<\/a>\n\t\t\t\t<\/div>\n\t\t\t\t\t\t\t\t<\/div>\n\t\t\t\t<\/div>\n\t\t\t\t<\/div>\n\t\t<div class=\"elementor-element elementor-element-b6fa117 e-con-full e-flex e-con e-child\" data-id=\"b6fa117\" data-element_type=\"container\">\n\t\t\t\t<div class=\"elementor-element elementor-element-9ffa68a elementor-widget elementor-widget-image\" data-id=\"9ffa68a\" data-element_type=\"widget\" data-widget_type=\"image.default\">\n\t\t\t\t<div class=\"elementor-widget-container\">\n\t\t\t\t\t\t\t\t\t\t\t\t\t\t\t<img decoding=\"async\" width=\"600\" height=\"600\" src=\"https:\/\/meztaxlegal.com\/wp-content\/uploads\/2019\/08\/neve-lawyers-demo-18.jpg\" class=\"attachment-large size-large wp-image-118\" alt=\"\" srcset=\"https:\/\/meztaxlegal.com\/wp-content\/uploads\/2019\/08\/neve-lawyers-demo-18.jpg 600w, https:\/\/meztaxlegal.com\/wp-content\/uploads\/2019\/08\/neve-lawyers-demo-18-300x300.jpg 300w, https:\/\/meztaxlegal.com\/wp-content\/uploads\/2019\/08\/neve-lawyers-demo-18-150x150.jpg 150w\" sizes=\"(max-width: 600px) 100vw, 600px\" \/>\t\t\t\t\t\t\t\t\t\t\t\t\t\t\t<\/div>\n\t\t\t\t<\/div>\n\t\t\t\t<\/div>\n\t\t\t\t\t<\/div>\n\t\t\t\t<\/div>\n\t\t<div class=\"elementor-element elementor-element-e4c6197 e-con-full e-flex e-con e-parent\" data-id=\"e4c6197\" data-element_type=\"container\" data-settings=\"{&quot;background_background&quot;:&quot;classic&quot;}\">\n\t\t<div class=\"elementor-element elementor-element-31d3818 e-con-full e-flex e-con e-child\" data-id=\"31d3818\" data-element_type=\"container\" data-settings=\"{&quot;background_background&quot;:&quot;classic&quot;}\">\n\t\t\t\t<div class=\"elementor-element elementor-element-976dfaa elementor-widget elementor-widget-heading\" data-id=\"976dfaa\" data-element_type=\"widget\" data-widget_type=\"heading.default\">\n\t\t\t\t<div class=\"elementor-widget-container\">\n\t\t\t\t\t<h2 class=\"elementor-heading-title elementor-size-default\">If you require advice or more information.\n<\/h2>\t\t\t\t<\/div>\n\t\t\t\t<\/div>\n\t\t\t\t<div class=\"elementor-element elementor-element-3358c2f elementor-align-center elementor-widget elementor-widget-button\" data-id=\"3358c2f\" data-element_type=\"widget\" data-widget_type=\"button.default\">\n\t\t\t\t<div class=\"elementor-widget-container\">\n\t\t\t\t\t\t\t\t\t<div class=\"elementor-button-wrapper\">\n\t\t\t\t\t<a class=\"elementor-button elementor-button-link elementor-size-lg\" href=\"\/en\/contacto\/\">\n\t\t\t\t\t\t<span class=\"elementor-button-content-wrapper\">\n\t\t\t\t\t\t\t\t\t<span class=\"elementor-button-text\">Contact us<\/span>\n\t\t\t\t\t<\/span>\n\t\t\t\t\t<\/a>\n\t\t\t\t<\/div>\n\t\t\t\t\t\t\t\t<\/div>\n\t\t\t\t<\/div>\n\t\t\t\t<\/div>\n\t\t\t\t<\/div>\n\t\t\t\t<\/div>","protected":false},"excerpt":{"rendered":"<p>SUS SOCIOS DE NEGOCIOS LEGAL | FISCAL | AUDITOR\u00cdA \u00c1reas de pr\u00e1ctica Legal Derecho fiscal, derecho corporativo y derecho penal. Contabilidad (BPS) y cumplimiento Contabilidad y asistencia en el cumplimiento de obligaciones fiscales. Impuestos Asesor\u00eda en la administraci\u00f3n de una carga fiscal eficiente. Comercio exterior Sus necesidades en importaci\u00f3n y exportaci\u00f3n. Auditor\u00eda y consultor\u00eda de&hellip;&nbsp;<a href=\"https:\/\/meztaxlegal.com\/en\/\" class=\"\" rel=\"bookmark\">Read More &raquo;<span class=\"screen-reader-text\">Home<\/span><\/a><\/p>","protected":false},"author":3,"featured_media":0,"parent":0,"menu_order":0,"comment_status":"closed","ping_status":"closed","template":"page-templates\/template-pagebuilder-full-width.php","meta":{"neve_meta_sidebar":"full-width","neve_meta_container":"contained","neve_meta_enable_content_width":"on","neve_meta_content_width":100,"neve_meta_title_alignment":"","neve_meta_author_avatar":"","neve_post_elements_order":"","neve_meta_disable_header":"","neve_meta_disable_footer":"","neve_meta_disable_title":"on","footnotes":""},"class_list":["post-142","page","type-page","status-publish","hentry"],"_links":{"self":[{"href":"https:\/\/meztaxlegal.com\/en\/wp-json\/wp\/v2\/pages\/142","targetHints":{"allow":["GET"]}}],"collection":[{"href":"https:\/\/meztaxlegal.com\/en\/wp-json\/wp\/v2\/pages"}],"about":[{"href":"https:\/\/meztaxlegal.com\/en\/wp-json\/wp\/v2\/types\/page"}],"author":[{"embeddable":true,"href":"https:\/\/meztaxlegal.com\/en\/wp-json\/wp\/v2\/users\/3"}],"replies":[{"embeddable":true,"href":"https:\/\/meztaxlegal.com\/en\/wp-json\/wp\/v2\/comments?post=142"}],"version-history":[{"count":151,"href":"https:\/\/meztaxlegal.com\/en\/wp-json\/wp\/v2\/pages\/142\/revisions"}],"predecessor-version":[{"id":2103,"href":"https:\/\/meztaxlegal.com\/en\/wp-json\/wp\/v2\/pages\/142\/revisions\/2103"}],"wp:attachment":[{"href":"https:\/\/meztaxlegal.com\/en\/wp-json\/wp\/v2\/media?parent=142"}],"curies":[{"name":"wp","href":"https:\/\/api.w.org\/{rel}","templated":true}]}}