{"id":161,"date":"2020-02-26T09:07:17","date_gmt":"2020-02-26T09:07:17","guid":{"rendered":"https:\/\/demosites.io\/lawyers-gb\/?page_id=161"},"modified":"2025-02-19T05:47:31","modified_gmt":"2025-02-19T04:47:31","slug":"nosotros","status":"publish","type":"page","link":"https:\/\/meztaxlegal.com\/en\/nosotros\/","title":{"rendered":"About us"},"content":{"rendered":"<div data-elementor-type=\"wp-page\" data-elementor-id=\"161\" class=\"elementor elementor-161\">\n\t\t\t\t<div class=\"elementor-element elementor-element-29c9487 e-flex e-con-boxed e-con e-parent\" data-id=\"29c9487\" data-element_type=\"container\" data-settings=\"{&quot;background_background&quot;:&quot;classic&quot;}\">\n\t\t\t\t\t<div class=\"e-con-inner\">\n\t\t\t\t<div class=\"elementor-element elementor-element-417fe29 elementor-widget elementor-widget-heading\" data-id=\"417fe29\" data-element_type=\"widget\" data-widget_type=\"heading.default\">\n\t\t\t\t<div class=\"elementor-widget-container\">\n\t\t\t\t\t<h2 class=\"elementor-heading-title elementor-size-default\">About us<\/h2>\t\t\t\t<\/div>\n\t\t\t\t<\/div>\n\t\t\t\t\t<\/div>\n\t\t\t\t<\/div>\n\t\t<div class=\"elementor-element elementor-element-b2881d3 e-con-full e-flex e-con e-parent\" data-id=\"b2881d3\" data-element_type=\"container\">\n\t\t<div class=\"elementor-element elementor-element-72a4fab e-con-full e-flex e-con e-child\" data-id=\"72a4fab\" data-element_type=\"container\">\n\t\t\t\t<div class=\"elementor-element elementor-element-936fca0 elementor-widget elementor-widget-text-editor\" data-id=\"936fca0\" data-element_type=\"widget\" data-widget_type=\"text-editor.default\">\n\t\t\t\t<div class=\"elementor-widget-container\">\n\t\t\t\t\t\t\t\t\t<p style=\"margin: 0cm 0cm 22.5pt; background-image: initial; background-position: initial; background-size: initial; background-repeat: initial; background-attachment: initial; background-origin: initial; background-clip: initial; text-align: left;\"><span style=\"font-family: proxima-nova, serif; font-size: 14pt; background-color: var(--nv-site-bg); letter-spacing: var(--bodyletterspacing); text-transform: var(--bodytexttransform);\">We are a multidisciplinary firm focused on results regarding auditing, legal, project management, finance, tax advisory, accounting (BPS), advice on energy projects, listing on the stock exchange, transfer pricing as well as social security contributions and local taxes.<\/span><\/p>\t\t\t\t\t\t\t\t<\/div>\n\t\t\t\t<\/div>\n\t\t\t\t<\/div>\n\t\t<div class=\"elementor-element elementor-element-728a508 e-con-full e-flex e-con e-child\" data-id=\"728a508\" data-element_type=\"container\">\n\t\t\t\t<div class=\"elementor-element elementor-element-cb39443 elementor-widget elementor-widget-image\" data-id=\"cb39443\" data-element_type=\"widget\" data-widget_type=\"image.default\">\n\t\t\t\t<div class=\"elementor-widget-container\">\n\t\t\t\t\t\t\t\t\t\t\t\t\t\t\t<img fetchpriority=\"high\" decoding=\"async\" width=\"640\" height=\"427\" src=\"https:\/\/meztaxlegal.com\/wp-content\/uploads\/2024\/03\/technology-791029_640.jpg\" class=\"attachment-2048x2048 size-2048x2048 wp-image-553\" alt=\"\" srcset=\"https:\/\/meztaxlegal.com\/wp-content\/uploads\/2024\/03\/technology-791029_640.jpg 640w, https:\/\/meztaxlegal.com\/wp-content\/uploads\/2024\/03\/technology-791029_640-300x200.jpg 300w, https:\/\/meztaxlegal.com\/wp-content\/uploads\/2024\/03\/technology-791029_640-18x12.jpg 18w\" sizes=\"(max-width: 640px) 100vw, 640px\" \/>\t\t\t\t\t\t\t\t\t\t\t\t\t\t\t<\/div>\n\t\t\t\t<\/div>\n\t\t\t\t<\/div>\n\t\t\t\t<\/div>\n\t\t<div class=\"elementor-element elementor-element-f5561ce e-flex e-con-boxed e-con e-parent\" data-id=\"f5561ce\" data-element_type=\"container\">\n\t\t\t\t\t<div class=\"e-con-inner\">\n\t\t<div class=\"elementor-element elementor-element-730e09a e-con-full e-flex e-con e-child\" data-id=\"730e09a\" data-element_type=\"container\">\n\t\t\t\t<div class=\"elementor-element elementor-element-0142990 elementor-widget elementor-widget-text-editor\" data-id=\"0142990\" data-element_type=\"widget\" data-widget_type=\"text-editor.default\">\n\t\t\t\t<div class=\"elementor-widget-container\">\n\t\t\t\t\t\t\t\t\t<p style=\"text-align: left;\"><span style=\"font-family: proxima-nova; font-size: 14pt;\">The core of our services is working closely with our clients in order for them to make informed business decisions.<\/span><\/p>\t\t\t\t\t\t\t\t<\/div>\n\t\t\t\t<\/div>\n\t\t\t\t<div class=\"elementor-element elementor-element-a9ade7b elementor-align-center elementor-widget elementor-widget-button\" data-id=\"a9ade7b\" data-element_type=\"widget\" data-widget_type=\"button.default\">\n\t\t\t\t<div class=\"elementor-widget-container\">\n\t\t\t\t\t\t\t\t\t<div class=\"elementor-button-wrapper\">\n\t\t\t\t\t<a class=\"elementor-button elementor-button-link elementor-size-lg\" href=\"\/en\/socios\/\">\n\t\t\t\t\t\t<span class=\"elementor-button-content-wrapper\">\n\t\t\t\t\t\t\t\t\t<span class=\"elementor-button-text\">Our people<\/span>\n\t\t\t\t\t<\/span>\n\t\t\t\t\t<\/a>\n\t\t\t\t<\/div>\n\t\t\t\t\t\t\t\t<\/div>\n\t\t\t\t<\/div>\n\t\t\t\t<\/div>\n\t\t\t\t\t<\/div>\n\t\t\t\t<\/div>\n\t\t\t\t<\/div>","protected":false},"excerpt":{"rendered":"<p>Nosotros Somos una firma multidisciplinaria enfocada en auditor\u00eda, servicios legales, gesti\u00f3n de proyectos, finanzas, asesor\u00eda fiscal, contabilidad (BPS), asesor\u00eda en proyectos de energ\u00eda, acompa\u00f1amiento para cotizar en bolsa, as\u00ed como contribuciones de seguridad social e impuestos locales. Una parte integral de nuestros servicios es trabajar de manera cercana con nuestros clientes y que puedan tomar&hellip;&nbsp;<a href=\"https:\/\/meztaxlegal.com\/en\/nosotros\/\" class=\"\" rel=\"bookmark\">Read More &raquo;<span class=\"screen-reader-text\">About us<\/span><\/a><\/p>","protected":false},"author":3,"featured_media":0,"parent":0,"menu_order":0,"comment_status":"closed","ping_status":"closed","template":"elementor_header_footer","meta":{"neve_meta_sidebar":"full-width","neve_meta_container":"","neve_meta_enable_content_width":"on","neve_meta_content_width":100,"neve_meta_title_alignment":"","neve_meta_author_avatar":"","neve_post_elements_order":"","neve_meta_disable_header":"","neve_meta_disable_footer":"","neve_meta_disable_title":"","footnotes":""},"class_list":["post-161","page","type-page","status-publish","hentry"],"_links":{"self":[{"href":"https:\/\/meztaxlegal.com\/en\/wp-json\/wp\/v2\/pages\/161","targetHints":{"allow":["GET"]}}],"collection":[{"href":"https:\/\/meztaxlegal.com\/en\/wp-json\/wp\/v2\/pages"}],"about":[{"href":"https:\/\/meztaxlegal.com\/en\/wp-json\/wp\/v2\/types\/page"}],"author":[{"embeddable":true,"href":"https:\/\/meztaxlegal.com\/en\/wp-json\/wp\/v2\/users\/3"}],"replies":[{"embeddable":true,"href":"https:\/\/meztaxlegal.com\/en\/wp-json\/wp\/v2\/comments?post=161"}],"version-history":[{"count":85,"href":"https:\/\/meztaxlegal.com\/en\/wp-json\/wp\/v2\/pages\/161\/revisions"}],"predecessor-version":[{"id":2052,"href":"https:\/\/meztaxlegal.com\/en\/wp-json\/wp\/v2\/pages\/161\/revisions\/2052"}],"wp:attachment":[{"href":"https:\/\/meztaxlegal.com\/en\/wp-json\/wp\/v2\/media?parent=161"}],"curies":[{"name":"wp","href":"https:\/\/api.w.org\/{rel}","templated":true}]}}