{"id":282,"date":"2024-03-01T00:52:18","date_gmt":"2024-02-29T23:52:18","guid":{"rendered":"https:\/\/meztaxlegal.com\/?page_id=282"},"modified":"2025-02-19T06:04:38","modified_gmt":"2025-02-19T05:04:38","slug":"legal","status":"publish","type":"page","link":"https:\/\/meztaxlegal.com\/en\/legal\/","title":{"rendered":"LEGAL"},"content":{"rendered":"<div data-elementor-type=\"wp-page\" data-elementor-id=\"282\" class=\"elementor elementor-282\">\n\t\t\t\t<div class=\"elementor-element elementor-element-7666b7e1 e-con-full e-flex e-con e-parent\" data-id=\"7666b7e1\" data-element_type=\"container\" data-settings=\"{&quot;background_background&quot;:&quot;classic&quot;}\">\n\t\t<div class=\"elementor-element elementor-element-3fde9418 e-flex e-con-boxed e-con e-child\" data-id=\"3fde9418\" data-element_type=\"container\" data-settings=\"{&quot;background_background&quot;:&quot;classic&quot;}\">\n\t\t\t\t\t<div class=\"e-con-inner\">\n\t\t\t\t<div class=\"elementor-element elementor-element-5722fa9b elementor-widget elementor-widget-heading\" data-id=\"5722fa9b\" data-element_type=\"widget\" data-widget_type=\"heading.default\">\n\t\t\t\t<div class=\"elementor-widget-container\">\n\t\t\t\t\t<h1 class=\"elementor-heading-title elementor-size-default\">Legal<\/h1>\t\t\t\t<\/div>\n\t\t\t\t<\/div>\n\t\t\t\t\t<\/div>\n\t\t\t\t<\/div>\n\t\t\t\t<\/div>\n\t\t<div class=\"elementor-element elementor-element-2cbc4cab e-flex e-con-boxed e-con e-parent\" data-id=\"2cbc4cab\" data-element_type=\"container\">\n\t\t\t\t\t<div class=\"e-con-inner\">\n\t\t\t\t<div class=\"elementor-element elementor-element-70ef0449 elementor-widget elementor-widget-text-editor\" data-id=\"70ef0449\" data-element_type=\"widget\" data-widget_type=\"text-editor.default\">\n\t\t\t\t<div class=\"elementor-widget-container\">\n\t\t\t\t\t\t\t\t\t<p class=\"font_8 wixui-rich-text__text\" style=\"text-align: left;\"><span class=\"wixui-rich-text__text\" style=\"font-family: proxima-nova; font-size: 14pt;\">Our legal experts are prepared to tend to your business risks and obligations of your enterprise in the area of governance and control of your companies, your client and supplier needs, as well as compliance with your tax obligations and defense against tax and administrative authorities.<\/span><\/p><p class=\"font_8 wixui-rich-text__text\" style=\"text-align: left;\"><span class=\"wixui-rich-text__text\" style=\"font-family: proxima-nova; font-size: 14pt;\">Similarly, we provide criminal law services and advice, both for your protection from criminal activities as well as your defense from prosecutions.<\/span><\/p>\t\t\t\t\t\t\t\t<\/div>\n\t\t\t\t<\/div>\n\t\t\t\t\t<\/div>\n\t\t\t\t<\/div>\n\t\t<div class=\"elementor-element elementor-element-4da2370a e-flex e-con-boxed e-con e-parent\" data-id=\"4da2370a\" data-element_type=\"container\" data-settings=\"{&quot;background_background&quot;:&quot;classic&quot;}\">\n\t\t\t\t\t<div class=\"e-con-inner\">\n\t\t<div class=\"elementor-element elementor-element-6803751e e-con-full e-flex e-con e-child\" data-id=\"6803751e\" data-element_type=\"container\">\n\t\t\t\t<div class=\"elementor-element elementor-element-4e2b043d elementor-widget elementor-widget-accordion\" data-id=\"4e2b043d\" data-element_type=\"widget\" data-widget_type=\"accordion.default\">\n\t\t\t\t<div class=\"elementor-widget-container\">\n\t\t\t\t\t\t\t<div class=\"elementor-accordion\">\n\t\t\t\t\t\t\t<div class=\"elementor-accordion-item\">\n\t\t\t\t\t<div id=\"elementor-tab-title-1311\" class=\"elementor-tab-title\" data-tab=\"1\" role=\"button\" aria-controls=\"elementor-tab-content-1311\" aria-expanded=\"false\">\n\t\t\t\t\t\t\t\t\t\t\t\t\t<span class=\"elementor-accordion-icon elementor-accordion-icon-left\" aria-hidden=\"true\">\n\t\t\t\t\t\t\t\t\t\t\t\t\t\t\t<span class=\"elementor-accordion-icon-closed\"><svg class=\"e-font-icon-svg e-fas-plus\" viewbox=\"0 0 448 512\" xmlns=\"http:\/\/www.w3.org\/2000\/svg\"><path d=\"M416 208H272V64c0-17.67-14.33-32-32-32h-32c-17.67 0-32 14.33-32 32v144H32c-17.67 0-32 14.33-32 32v32c0 17.67 14.33 32 32 32h144v144c0 17.67 14.33 32 32 32h32c17.67 0 32-14.33 32-32V304h144c17.67 0 32-14.33 32-32v-32c0-17.67-14.33-32-32-32z\"><\/path><\/svg><\/span>\n\t\t\t\t\t\t\t\t<span class=\"elementor-accordion-icon-opened\"><svg class=\"e-font-icon-svg e-fas-minus\" viewbox=\"0 0 448 512\" xmlns=\"http:\/\/www.w3.org\/2000\/svg\"><path d=\"M416 208H32c-17.67 0-32 14.33-32 32v32c0 17.67 14.33 32 32 32h384c17.67 0 32-14.33 32-32v-32c0-17.67-14.33-32-32-32z\"><\/path><\/svg><\/span>\n\t\t\t\t\t\t\t\t\t\t\t\t\t\t<\/span>\n\t\t\t\t\t\t\t\t\t\t\t\t<a class=\"elementor-accordion-title\" tabindex=\"0\">Tax legal consulting<\/a>\n\t\t\t\t\t<\/div>\n\t\t\t\t\t<div id=\"elementor-tab-content-1311\" class=\"elementor-tab-content elementor-clearfix\" data-tab=\"1\" role=\"region\" aria-labelledby=\"elementor-tab-title-1311\"><div id=\"comp-jwi0pzm0\" class=\"comp-jwi0pzm0 YzqVVZ wixui-column-strip__column\"><div class=\"\" data-mesh-id=\"comp-jwi0pzm0inlineContent\" data-testid=\"inline-content\"><div data-mesh-id=\"comp-jwi0pzm0inlineContent-gridContainer\" data-testid=\"mesh-container-content\"><div id=\"comp-jwi1jgid\" class=\"comp-jwi1jgid SPY_vo\"><div class=\"\" data-mesh-id=\"comp-jwi1jgidinlineContent\" data-testid=\"inline-content\"><div data-mesh-id=\"comp-jwi1jgidinlineContent-gridContainer\" data-testid=\"mesh-container-content\"><div id=\"comp-jwi0pzm8\" class=\"BaOVQ8 tz5f0K comp-jwi0pzm8 wixui-rich-text\" data-testid=\"richTextElement\"><p class=\"font_8 wixui-rich-text__text\"><span class=\"wixui-rich-text__text\" style=\"font-family: proxima-nova;\">We provide advise so that the structure you implement will be optimized to have an efficient tax burden in their relations with clients, suppliers inter-company cashflows as well as cash repatriation strategies in inbound and outbound structures, insuring the correct interpretation and application of the current tax legal framework.<\/span><\/p><\/div><\/div><\/div><\/div><\/div><\/div><\/div><\/div>\n\t\t\t\t<\/div>\n\t\t\t\t\t\t\t<div class=\"elementor-accordion-item\">\n\t\t\t\t\t<div id=\"elementor-tab-title-1312\" class=\"elementor-tab-title\" data-tab=\"2\" role=\"button\" aria-controls=\"elementor-tab-content-1312\" aria-expanded=\"false\">\n\t\t\t\t\t\t\t\t\t\t\t\t\t<span class=\"elementor-accordion-icon elementor-accordion-icon-left\" aria-hidden=\"true\">\n\t\t\t\t\t\t\t\t\t\t\t\t\t\t\t<span class=\"elementor-accordion-icon-closed\"><svg class=\"e-font-icon-svg e-fas-plus\" viewbox=\"0 0 448 512\" xmlns=\"http:\/\/www.w3.org\/2000\/svg\"><path d=\"M416 208H272V64c0-17.67-14.33-32-32-32h-32c-17.67 0-32 14.33-32 32v144H32c-17.67 0-32 14.33-32 32v32c0 17.67 14.33 32 32 32h144v144c0 17.67 14.33 32 32 32h32c17.67 0 32-14.33 32-32V304h144c17.67 0 32-14.33 32-32v-32c0-17.67-14.33-32-32-32z\"><\/path><\/svg><\/span>\n\t\t\t\t\t\t\t\t<span class=\"elementor-accordion-icon-opened\"><svg class=\"e-font-icon-svg e-fas-minus\" viewbox=\"0 0 448 512\" xmlns=\"http:\/\/www.w3.org\/2000\/svg\"><path d=\"M416 208H32c-17.67 0-32 14.33-32 32v32c0 17.67 14.33 32 32 32h384c17.67 0 32-14.33 32-32v-32c0-17.67-14.33-32-32-32z\"><\/path><\/svg><\/span>\n\t\t\t\t\t\t\t\t\t\t\t\t\t\t<\/span>\n\t\t\t\t\t\t\t\t\t\t\t\t<a class=\"elementor-accordion-title\" tabindex=\"0\">Tax Controversies &amp; Litigation<\/a>\n\t\t\t\t\t<\/div>\n\t\t\t\t\t<div id=\"elementor-tab-content-1312\" class=\"elementor-tab-content elementor-clearfix\" data-tab=\"2\" role=\"region\" aria-labelledby=\"elementor-tab-title-1312\"><section id=\"comp-lcshyh6z2\" class=\"Oqnisf comp-lcshyh6z2 wixui-section\" tabindex=\"-1\" data-block-level-container=\"ClassicSection\"><div class=\"\" data-mesh-id=\"comp-lcshyh6z2inlineContent\" data-testid=\"inline-content\"><div data-mesh-id=\"comp-lcshyh6z2inlineContent-gridContainer\" data-testid=\"mesh-container-content\"><section id=\"comp-jwi0pzmf\" class=\"comp-jwi0pzmf CohWsy wixui-column-strip\"><div class=\"V5AUxf\" data-testid=\"columns\"><div id=\"comp-jwi0pzmp\" class=\"comp-jwi0pzmp YzqVVZ wixui-column-strip__column\"><div class=\"\" data-mesh-id=\"comp-jwi0pzmpinlineContent\" data-testid=\"inline-content\"><div data-mesh-id=\"comp-jwi0pzmpinlineContent-gridContainer\" data-testid=\"mesh-container-content\"><div id=\"comp-jwi24oc3\" class=\"comp-jwi24oc3 SPY_vo\"><div class=\"\" data-mesh-id=\"comp-jwi24oc3inlineContent\" data-testid=\"inline-content\"><div data-mesh-id=\"comp-jwi24oc3inlineContent-gridContainer\" data-testid=\"mesh-container-content\"><div id=\"comp-jwi0pzmt\" class=\"BaOVQ8 tz5f0K comp-jwi0pzmt wixui-rich-text\" data-testid=\"richTextElement\"><p class=\"font_8 wixui-rich-text__text\"><span class=\"wixui-rich-text__text\" style=\"font-family: proxima-nova;\">We assist and represent our clients with tax audit processes to insure a healthy process for your company, as well as conducting negotiations before PRODECON with the authorities to reach a settlement in respect of tax liabilities assessed during an audit, as well as filing claims before PRODECON and filing of administrative recourses against tax resolutions issued by the authorities. We also  provide litigation services to obtain relief from tax assessments at administrative and judicial courts at federal and constitutional level.<\/span><\/p><\/div><\/div><\/div><\/div><\/div><\/div><\/div><\/div><\/section><\/div><\/div><\/section><\/div>\n\t\t\t\t<\/div>\n\t\t\t\t\t\t\t<div class=\"elementor-accordion-item\">\n\t\t\t\t\t<div id=\"elementor-tab-title-1313\" class=\"elementor-tab-title\" data-tab=\"3\" role=\"button\" aria-controls=\"elementor-tab-content-1313\" aria-expanded=\"false\">\n\t\t\t\t\t\t\t\t\t\t\t\t\t<span class=\"elementor-accordion-icon elementor-accordion-icon-left\" aria-hidden=\"true\">\n\t\t\t\t\t\t\t\t\t\t\t\t\t\t\t<span class=\"elementor-accordion-icon-closed\"><svg class=\"e-font-icon-svg e-fas-plus\" viewbox=\"0 0 448 512\" xmlns=\"http:\/\/www.w3.org\/2000\/svg\"><path d=\"M416 208H272V64c0-17.67-14.33-32-32-32h-32c-17.67 0-32 14.33-32 32v144H32c-17.67 0-32 14.33-32 32v32c0 17.67 14.33 32 32 32h144v144c0 17.67 14.33 32 32 32h32c17.67 0 32-14.33 32-32V304h144c17.67 0 32-14.33 32-32v-32c0-17.67-14.33-32-32-32z\"><\/path><\/svg><\/span>\n\t\t\t\t\t\t\t\t<span class=\"elementor-accordion-icon-opened\"><svg class=\"e-font-icon-svg e-fas-minus\" viewbox=\"0 0 448 512\" xmlns=\"http:\/\/www.w3.org\/2000\/svg\"><path d=\"M416 208H32c-17.67 0-32 14.33-32 32v32c0 17.67 14.33 32 32 32h384c17.67 0 32-14.33 32-32v-32c0-17.67-14.33-32-32-32z\"><\/path><\/svg><\/span>\n\t\t\t\t\t\t\t\t\t\t\t\t\t\t<\/span>\n\t\t\t\t\t\t\t\t\t\t\t\t<a class=\"elementor-accordion-title\" tabindex=\"0\">Corporate Law<\/a>\n\t\t\t\t\t<\/div>\n\t\t\t\t\t<div id=\"elementor-tab-content-1313\" class=\"elementor-tab-content elementor-clearfix\" data-tab=\"3\" role=\"region\" aria-labelledby=\"elementor-tab-title-1313\"><p class=\"font_8 wixui-rich-text__text\"><span style=\"font-family: proxima-nova;\">We assist our clients with structuring and executing their business, seeking the most efficient and streamlined structure from a business perspective, in all aspects of finance, business combinations and other capital transactions, insuring compliance with the applicable legal framework in force.\n\n\n\nOur firm provides advice with respect to all aspects of establishing, organizing capitalizing and maintaining business entities, trusts and joint venture agreements.<\/span><\/p><p class=\"font_8 wixui-rich-text__text\"><span style=\"font-family: proxima-nova;\">Our firm provides advice with respect to all aspects of establishing, organizing capitalizing and maintaining business entities, trusts and joint venture agreements. We assist clients with entity formation and can also assist with drafting and negotiating the agreements and instruments necessary to conduct your business successfully as well as compliance with obligations before administrative authorities.<\/span><\/p><\/div>\n\t\t\t\t<\/div>\n\t\t\t\t\t\t\t<div class=\"elementor-accordion-item\">\n\t\t\t\t\t<div id=\"elementor-tab-title-1314\" class=\"elementor-tab-title\" data-tab=\"4\" role=\"button\" aria-controls=\"elementor-tab-content-1314\" aria-expanded=\"false\">\n\t\t\t\t\t\t\t\t\t\t\t\t\t<span class=\"elementor-accordion-icon elementor-accordion-icon-left\" aria-hidden=\"true\">\n\t\t\t\t\t\t\t\t\t\t\t\t\t\t\t<span class=\"elementor-accordion-icon-closed\"><svg class=\"e-font-icon-svg e-fas-plus\" viewbox=\"0 0 448 512\" xmlns=\"http:\/\/www.w3.org\/2000\/svg\"><path d=\"M416 208H272V64c0-17.67-14.33-32-32-32h-32c-17.67 0-32 14.33-32 32v144H32c-17.67 0-32 14.33-32 32v32c0 17.67 14.33 32 32 32h144v144c0 17.67 14.33 32 32 32h32c17.67 0 32-14.33 32-32V304h144c17.67 0 32-14.33 32-32v-32c0-17.67-14.33-32-32-32z\"><\/path><\/svg><\/span>\n\t\t\t\t\t\t\t\t<span class=\"elementor-accordion-icon-opened\"><svg class=\"e-font-icon-svg e-fas-minus\" viewbox=\"0 0 448 512\" xmlns=\"http:\/\/www.w3.org\/2000\/svg\"><path d=\"M416 208H32c-17.67 0-32 14.33-32 32v32c0 17.67 14.33 32 32 32h384c17.67 0 32-14.33 32-32v-32c0-17.67-14.33-32-32-32z\"><\/path><\/svg><\/span>\n\t\t\t\t\t\t\t\t\t\t\t\t\t\t<\/span>\n\t\t\t\t\t\t\t\t\t\t\t\t<a class=\"elementor-accordion-title\" tabindex=\"0\">Contractual relations<\/a>\n\t\t\t\t\t<\/div>\n\t\t\t\t\t<div id=\"elementor-tab-content-1314\" class=\"elementor-tab-content elementor-clearfix\" data-tab=\"4\" role=\"region\" aria-labelledby=\"elementor-tab-title-1314\"><section id=\"comp-lcshyh6z4\" class=\"Oqnisf comp-lcshyh6z4 wixui-section\" tabindex=\"-1\" data-block-level-container=\"ClassicSection\"><div class=\"\" data-mesh-id=\"comp-lcshyh6z4inlineContent\" data-testid=\"inline-content\"><div data-mesh-id=\"comp-lcshyh6z4inlineContent-gridContainer\" data-testid=\"mesh-container-content\"><section id=\"comp-jwi0pzni\" class=\"comp-jwi0pzni CohWsy wixui-column-strip\"><div class=\"V5AUxf\" data-testid=\"columns\"><div id=\"comp-jwi0pznu\" class=\"comp-jwi0pznu YzqVVZ wixui-column-strip__column\"><div class=\"\" data-mesh-id=\"comp-jwi0pznuinlineContent\" data-testid=\"inline-content\"><div data-mesh-id=\"comp-jwi0pznuinlineContent-gridContainer\" data-testid=\"mesh-container-content\"><div id=\"comp-jwi0pzny\" class=\"BaOVQ8 tz5f0K comp-jwi0pzny wixui-rich-text\" data-testid=\"richTextElement\"><p class=\"font_8 wixui-rich-text__text\"><span class=\"wixui-rich-text__text\" style=\"font-family: proxima-nova;\">We assist our clients in the negotiation and execution of the contracts and agreements necessary for a good and efficient management of their commercial relationships with clients, suppliers and  among companies of the group and their shareholders.<\/span><\/p><\/div><\/div><\/div><\/div><\/div><\/section><\/div><\/div><\/section><\/div>\n\t\t\t\t<\/div>\n\t\t\t\t\t\t\t<div class=\"elementor-accordion-item\">\n\t\t\t\t\t<div id=\"elementor-tab-title-1315\" class=\"elementor-tab-title\" data-tab=\"5\" role=\"button\" aria-controls=\"elementor-tab-content-1315\" aria-expanded=\"false\">\n\t\t\t\t\t\t\t\t\t\t\t\t\t<span class=\"elementor-accordion-icon elementor-accordion-icon-left\" aria-hidden=\"true\">\n\t\t\t\t\t\t\t\t\t\t\t\t\t\t\t<span class=\"elementor-accordion-icon-closed\"><svg class=\"e-font-icon-svg e-fas-plus\" viewbox=\"0 0 448 512\" xmlns=\"http:\/\/www.w3.org\/2000\/svg\"><path d=\"M416 208H272V64c0-17.67-14.33-32-32-32h-32c-17.67 0-32 14.33-32 32v144H32c-17.67 0-32 14.33-32 32v32c0 17.67 14.33 32 32 32h144v144c0 17.67 14.33 32 32 32h32c17.67 0 32-14.33 32-32V304h144c17.67 0 32-14.33 32-32v-32c0-17.67-14.33-32-32-32z\"><\/path><\/svg><\/span>\n\t\t\t\t\t\t\t\t<span class=\"elementor-accordion-icon-opened\"><svg class=\"e-font-icon-svg e-fas-minus\" viewbox=\"0 0 448 512\" xmlns=\"http:\/\/www.w3.org\/2000\/svg\"><path d=\"M416 208H32c-17.67 0-32 14.33-32 32v32c0 17.67 14.33 32 32 32h384c17.67 0 32-14.33 32-32v-32c0-17.67-14.33-32-32-32z\"><\/path><\/svg><\/span>\n\t\t\t\t\t\t\t\t\t\t\t\t\t\t<\/span>\n\t\t\t\t\t\t\t\t\t\t\t\t<a class=\"elementor-accordion-title\" tabindex=\"0\">Legal Representation<\/a>\n\t\t\t\t\t<\/div>\n\t\t\t\t\t<div id=\"elementor-tab-content-1315\" class=\"elementor-tab-content elementor-clearfix\" data-tab=\"5\" role=\"region\" aria-labelledby=\"elementor-tab-title-1315\"><div id=\"comp-jwi0pzou\" class=\"comp-jwi0pzou YzqVVZ wixui-column-strip__column\"><div class=\"\" data-mesh-id=\"comp-jwi0pzouinlineContent\" data-testid=\"inline-content\"><div data-mesh-id=\"comp-jwi0pzouinlineContent-gridContainer\" data-testid=\"mesh-container-content\"><div id=\"comp-jwi1pvkd\" class=\"comp-jwi1pvkd SPY_vo\"><div class=\"\" data-mesh-id=\"comp-jwi1pvkdinlineContent\" data-testid=\"inline-content\"><div data-mesh-id=\"comp-jwi1pvkdinlineContent-gridContainer\" data-testid=\"mesh-container-content\"><div id=\"comp-jwi0pzp4\" class=\"BaOVQ8 tz5f0K comp-jwi0pzp4 wixui-rich-text\" data-testid=\"richTextElement\"><p class=\"font_8 wixui-rich-text__text\"><span class=\"wixui-rich-text__text\" style=\"font-family: proxima-nova;\">We act as legal representatives of our clients before administrative authorities, as well as before private individuals and entities for the execution of their contractual relationships required for their business.<\/span><\/p><\/div><\/div><\/div><\/div><\/div><\/div><\/div><\/div>\n\t\t\t\t<\/div>\n\t\t\t\t\t\t\t<div class=\"elementor-accordion-item\">\n\t\t\t\t\t<div id=\"elementor-tab-title-1316\" class=\"elementor-tab-title\" data-tab=\"6\" role=\"button\" aria-controls=\"elementor-tab-content-1316\" aria-expanded=\"false\">\n\t\t\t\t\t\t\t\t\t\t\t\t\t<span class=\"elementor-accordion-icon elementor-accordion-icon-left\" aria-hidden=\"true\">\n\t\t\t\t\t\t\t\t\t\t\t\t\t\t\t<span class=\"elementor-accordion-icon-closed\"><svg class=\"e-font-icon-svg e-fas-plus\" viewbox=\"0 0 448 512\" xmlns=\"http:\/\/www.w3.org\/2000\/svg\"><path d=\"M416 208H272V64c0-17.67-14.33-32-32-32h-32c-17.67 0-32 14.33-32 32v144H32c-17.67 0-32 14.33-32 32v32c0 17.67 14.33 32 32 32h144v144c0 17.67 14.33 32 32 32h32c17.67 0 32-14.33 32-32V304h144c17.67 0 32-14.33 32-32v-32c0-17.67-14.33-32-32-32z\"><\/path><\/svg><\/span>\n\t\t\t\t\t\t\t\t<span class=\"elementor-accordion-icon-opened\"><svg class=\"e-font-icon-svg e-fas-minus\" viewbox=\"0 0 448 512\" xmlns=\"http:\/\/www.w3.org\/2000\/svg\"><path d=\"M416 208H32c-17.67 0-32 14.33-32 32v32c0 17.67 14.33 32 32 32h384c17.67 0 32-14.33 32-32v-32c0-17.67-14.33-32-32-32z\"><\/path><\/svg><\/span>\n\t\t\t\t\t\t\t\t\t\t\t\t\t\t<\/span>\n\t\t\t\t\t\t\t\t\t\t\t\t<a class=\"elementor-accordion-title\" tabindex=\"0\">Criminal law<\/a>\n\t\t\t\t\t<\/div>\n\t\t\t\t\t<div id=\"elementor-tab-content-1316\" class=\"elementor-tab-content elementor-clearfix\" data-tab=\"6\" role=\"region\" aria-labelledby=\"elementor-tab-title-1316\"><p style=\"text-align: justify;\">Our criminal legal department has solid experience with more than 30 years of practice representing companies and individuals with successful outcomes.<\/p>\n<p style=\"text-align: justify;\">Our criminal law services are tailored according to our clients' needs with the highest ethic and professional standards, seeking the protection of our clients' rights.<\/p>\n<p style=\"text-align: justify;\">We prepare formal accusations based on witnesses' interviews with a specialized technique for the accusations to prosper on time.&nbsp;<\/p>\n<p style=\"text-align: justify;\">Preparation of investigation files with the right criminal law classification according to the actual facts.<\/p>\n<p style=\"text-align: justify;\" class=\"translation-block\">We gather information and data to prove the existence of a felony based on our years of experience and working along with the corresponding authorities.<\/p>\n<p style=\"text-align: justify;\"><span style=\"font-size: var(--bodyfontsize); letter-spacing: var(--bodyletterspacing); text-transform: var(--bodytexttransform); text-indent: -18pt;\">Appearances before the corresponding authorities as private legal council for companies and individuals affected by a felony, representing them in trial. Some of the cases where we can assist our clients are as follows:<\/span><\/p>\n<p style=\"text-indent: -18.0pt; mso-list: l1 level1 lfo2; tab-stops: list 36.0pt; margin: 0cm 0cm 0cm 36.0pt;\"><span style=\"font-family: proxima-nova; font-size: 12pt;\">1.<span style=\"font-variant-numeric: normal; font-variant-east-asian: normal; font-variant-alternates: normal; font-kerning: auto; font-optical-sizing: auto; font-feature-settings: normal; font-variation-settings: normal; font-variant-position: normal; font-stretch: normal; line-height: normal;\">&nbsp;&nbsp;<\/span>Initial hearings<\/span><\/p>\n<p style=\"text-indent: -18.0pt; mso-list: l1 level1 lfo2; tab-stops: list 36.0pt; margin: 0cm 0cm 0cm 36.0pt;\"><span style=\"font-family: proxima-nova; font-size: 12pt;\"><!-- [if !supportLists]-->2.<span style=\"font-variant-numeric: normal; font-variant-east-asian: normal; font-variant-alternates: normal; font-kerning: auto; font-optical-sizing: auto; font-feature-settings: normal; font-variation-settings: normal; font-variant-position: normal; font-stretch: normal; line-height: normal;\">&nbsp;<\/span>Request and review of precautionary measures<\/span><\/p>\n<p style=\"text-indent: -18.0pt; mso-list: l1 level1 lfo2; tab-stops: list 36.0pt; margin: 0cm 0cm 0cm 36.0pt;\"><span style=\"font-family: proxima-nova; font-size: 12pt;\"><!-- [if !supportLists]-->3.<span style=\"font-variant-numeric: normal; font-variant-east-asian: normal; font-variant-alternates: normal; font-kerning: auto; font-optical-sizing: auto; font-feature-settings: normal; font-variation-settings: normal; font-variant-position: normal; font-stretch: normal; line-height: normal;\">&nbsp;<\/span>Legal procedures of Freedoms<\/span><\/p>\n<p style=\"text-indent: -18.0pt; mso-list: l1 level1 lfo2; tab-stops: list 36.0pt; margin: 0cm 0cm 0cm 36.0pt;\"><span style=\"font-family: proxima-nova; font-size: 12pt;\"><!-- [if !supportLists]-->4.<span style=\"font-variant-numeric: normal; font-variant-east-asian: normal; font-variant-alternates: normal; font-kerning: auto; font-optical-sizing: auto; font-feature-settings: normal; font-variation-settings: normal; font-variant-position: normal; font-stretch: normal; line-height: normal;\">&nbsp;<\/span>Short processes<\/span><\/p>\n<p style=\"text-indent: -18.0pt; mso-list: l1 level1 lfo2; tab-stops: list 36.0pt; margin: 0cm 0cm 0cm 36.0pt;\"><span style=\"font-family: proxima-nova; font-size: 12pt;\"><!-- [if !supportLists]-->5.<span style=\"font-variant-numeric: normal; font-variant-east-asian: normal; font-variant-alternates: normal; font-kerning: auto; font-optical-sizing: auto; font-feature-settings: normal; font-variation-settings: normal; font-variant-position: normal; font-stretch: normal; line-height: normal;\">&nbsp;<\/span>Trials<\/span><\/p>\n<p style=\"text-indent: -18.0pt; mso-list: l1 level1 lfo2; tab-stops: list 36.0pt; margin: 0cm 0cm 0cm 36.0pt;\"><span style=\"font-family: proxima-nova; font-size: 12pt;\"><!-- [if !supportLists]-->6.<span style=\"font-variant-numeric: normal; font-variant-east-asian: normal; font-variant-alternates: normal; font-kerning: auto; font-optical-sizing: auto; font-feature-settings: normal; font-variation-settings: normal; font-variant-position: normal; font-stretch: normal; line-height: normal;\">&nbsp;<\/span>Appeals<\/span><\/p>\n<p style=\"text-indent: -18.0pt; mso-list: l1 level1 lfo2; tab-stops: list 36.0pt; margin: 0cm 0cm 0cm 36.0pt;\"><span style=\"font-family: proxima-nova; font-size: 12pt;\"><!-- [if !supportLists]-->7.<span style=\"font-variant-numeric: normal; font-variant-east-asian: normal; font-variant-alternates: normal; font-kerning: auto; font-optical-sizing: auto; font-feature-settings: normal; font-variation-settings: normal; font-variant-position: normal; font-stretch: normal; line-height: normal;\">&nbsp;<\/span>Amparo trials<\/span><\/p>\n<p style=\"text-indent: -18.0pt; mso-list: l1 level1 lfo2; tab-stops: list 36.0pt; margin: 0cm 0cm 0cm 36.0pt;\"><span style=\"font-family: proxima-nova; font-size: 12pt;\"><!-- [if !supportLists]-->8. Traditional or written systems<\/span><\/p>\n<p style=\"text-indent: -18.0pt; mso-list: l1 level1 lfo2; tab-stops: list 36.0pt; margin: 0cm 0cm 0cm 36.0pt;\"><span style=\"font-family: proxima-nova; font-size: 12pt;\"><!-- [if !supportLists]-->9.<span style=\"font-variant-numeric: normal; font-variant-east-asian: normal; font-variant-alternates: normal; font-kerning: auto; font-optical-sizing: auto; font-feature-settings: normal; font-variation-settings: normal; font-variant-position: normal; font-stretch: normal; line-height: normal;\">&nbsp;<\/span>Alternative means for controversy resolutions in the criminal law system<\/span><\/p>\n<p style=\"text-indent: -18.0pt; mso-list: l1 level1 lfo2; tab-stops: list 36.0pt; margin: 0cm 0cm 0cm 36.0pt;\"><span style=\"font-family: proxima-nova; font-size: 12pt;\"><span style=\"text-indent: -18pt; letter-spacing: var(--bodyletterspacing); text-transform: var(--bodytexttransform);\">10.&nbsp;<\/span><span style=\"text-indent: -18pt; letter-spacing: var(--bodyletterspacing); text-transform: var(--bodytexttransform);\">Legal representation of companies<\/span><\/span><\/p><\/div>\n\t\t\t\t<\/div>\n\t\t\t\t\t\t\t\t<\/div>\n\t\t\t\t\t\t<\/div>\n\t\t\t\t<\/div>\n\t\t\t\t<\/div>\n\t\t<div class=\"elementor-element elementor-element-37dff020 e-con-full e-flex e-con e-child\" data-id=\"37dff020\" data-element_type=\"container\">\n\t\t\t\t<\/div>\n\t\t\t\t\t<\/div>\n\t\t\t\t<\/div>\n\t\t\t\t<\/div>","protected":false},"excerpt":{"rendered":"<p>Legal Nuestros expertos legales est\u00e1n preparados para atender los riesgos y las obligaciones de su empresa tanto en el \u00e1mbito del gobierno y control de su compa\u00f1\u00eda, las relaciones con sus clientes y proveedores, as\u00ed como el cumplimiento de sus obligaciones ante autoridades fiscales y administrativas. Del mismo modo, le brindamos asesor\u00eda en materia de&hellip;&nbsp;<a href=\"https:\/\/meztaxlegal.com\/en\/legal\/\" class=\"\" rel=\"bookmark\">Read More &raquo;<span class=\"screen-reader-text\">LEGAL<\/span><\/a><\/p>","protected":false},"author":3,"featured_media":0,"parent":0,"menu_order":0,"comment_status":"closed","ping_status":"closed","template":"elementor_header_footer","meta":{"neve_meta_sidebar":"","neve_meta_container":"","neve_meta_enable_content_width":"","neve_meta_content_width":0,"neve_meta_title_alignment":"","neve_meta_author_avatar":"","neve_post_elements_order":"","neve_meta_disable_header":"","neve_meta_disable_footer":"","neve_meta_disable_title":"","footnotes":""},"class_list":["post-282","page","type-page","status-publish","hentry"],"_links":{"self":[{"href":"https:\/\/meztaxlegal.com\/en\/wp-json\/wp\/v2\/pages\/282","targetHints":{"allow":["GET"]}}],"collection":[{"href":"https:\/\/meztaxlegal.com\/en\/wp-json\/wp\/v2\/pages"}],"about":[{"href":"https:\/\/meztaxlegal.com\/en\/wp-json\/wp\/v2\/types\/page"}],"author":[{"embeddable":true,"href":"https:\/\/meztaxlegal.com\/en\/wp-json\/wp\/v2\/users\/3"}],"replies":[{"embeddable":true,"href":"https:\/\/meztaxlegal.com\/en\/wp-json\/wp\/v2\/comments?post=282"}],"version-history":[{"count":85,"href":"https:\/\/meztaxlegal.com\/en\/wp-json\/wp\/v2\/pages\/282\/revisions"}],"predecessor-version":[{"id":2060,"href":"https:\/\/meztaxlegal.com\/en\/wp-json\/wp\/v2\/pages\/282\/revisions\/2060"}],"wp:attachment":[{"href":"https:\/\/meztaxlegal.com\/en\/wp-json\/wp\/v2\/media?parent=282"}],"curies":[{"name":"wp","href":"https:\/\/api.w.org\/{rel}","templated":true}]}}