{"id":299,"date":"2024-03-01T01:10:00","date_gmt":"2024-03-01T00:10:00","guid":{"rendered":"https:\/\/meztaxlegal.com\/?page_id=299"},"modified":"2024-06-22T15:55:33","modified_gmt":"2024-06-22T13:55:33","slug":"auditoria","status":"publish","type":"page","link":"https:\/\/meztaxlegal.com\/en\/auditoria\/","title":{"rendered":"Audit"},"content":{"rendered":"<div data-elementor-type=\"wp-page\" data-elementor-id=\"299\" class=\"elementor elementor-299\">\n\t\t\t\t<div class=\"elementor-element elementor-element-12994267 e-con-full e-flex e-con e-parent\" data-id=\"12994267\" data-element_type=\"container\" data-settings=\"{&quot;background_background&quot;:&quot;classic&quot;}\">\n\t\t<div class=\"elementor-element elementor-element-70425fb1 e-flex e-con-boxed e-con e-child\" data-id=\"70425fb1\" data-element_type=\"container\" data-settings=\"{&quot;background_background&quot;:&quot;classic&quot;}\">\n\t\t\t\t\t<div class=\"e-con-inner\">\n\t\t\t\t<div class=\"elementor-element elementor-element-78540992 elementor-widget elementor-widget-heading\" data-id=\"78540992\" data-element_type=\"widget\" data-widget_type=\"heading.default\">\n\t\t\t\t<div class=\"elementor-widget-container\">\n\t\t\t\t\t<h1 class=\"elementor-heading-title elementor-size-default\">Audit &amp; Buisiness Consulting<\/h1>\t\t\t\t<\/div>\n\t\t\t\t<\/div>\n\t\t\t\t\t<\/div>\n\t\t\t\t<\/div>\n\t\t\t\t<\/div>\n\t\t<div class=\"elementor-element elementor-element-3ad8928c e-flex e-con-boxed e-con e-parent\" data-id=\"3ad8928c\" data-element_type=\"container\">\n\t\t\t\t\t<div class=\"e-con-inner\">\n\t\t\t\t<div class=\"elementor-element elementor-element-3f96c2ed elementor-widget elementor-widget-text-editor\" data-id=\"3f96c2ed\" data-element_type=\"widget\" data-widget_type=\"text-editor.default\">\n\t\t\t\t<div class=\"elementor-widget-container\">\n\t\t\t\t\t\t\t\t\t<p class=\"font_8 wixui-rich-text__text\" style=\"text-align: left;\"><span class=\"wixui-rich-text__text\" style=\"font-family: proxima-nova; font-size: 14pt;\">Focused on the development of your business, we assist you in creating successful strategic plans, as well as in the implementation and adoption of accounting standards and global standardized programs to the local environment. Similarly, we assist you on\nthe\tanalysis\tof\tthe\tfinancial\ninformation\t\tof\tyour\nenterprise.<\/span><\/p>\t\t\t\t\t\t\t\t<\/div>\n\t\t\t\t<\/div>\n\t\t\t\t\t<\/div>\n\t\t\t\t<\/div>\n\t\t<div class=\"elementor-element elementor-element-6ba684c2 e-flex e-con-boxed e-con e-parent\" data-id=\"6ba684c2\" data-element_type=\"container\" data-settings=\"{&quot;background_background&quot;:&quot;classic&quot;}\">\n\t\t\t\t\t<div class=\"e-con-inner\">\n\t\t<div class=\"elementor-element elementor-element-582050c1 e-con-full e-flex e-con e-child\" data-id=\"582050c1\" data-element_type=\"container\">\n\t\t\t\t<div class=\"elementor-element elementor-element-32de4835 elementor-widget elementor-widget-accordion\" data-id=\"32de4835\" data-element_type=\"widget\" data-widget_type=\"accordion.default\">\n\t\t\t\t<div class=\"elementor-widget-container\">\n\t\t\t\t\t\t\t<div class=\"elementor-accordion\">\n\t\t\t\t\t\t\t<div class=\"elementor-accordion-item\">\n\t\t\t\t\t<div id=\"elementor-tab-title-8531\" class=\"elementor-tab-title\" data-tab=\"1\" role=\"button\" aria-controls=\"elementor-tab-content-8531\" aria-expanded=\"false\">\n\t\t\t\t\t\t\t\t\t\t\t\t\t<span class=\"elementor-accordion-icon elementor-accordion-icon-left\" aria-hidden=\"true\">\n\t\t\t\t\t\t\t\t\t\t\t\t\t\t\t<span class=\"elementor-accordion-icon-closed\"><svg class=\"e-font-icon-svg e-fas-plus\" viewbox=\"0 0 448 512\" xmlns=\"http:\/\/www.w3.org\/2000\/svg\"><path d=\"M416 208H272V64c0-17.67-14.33-32-32-32h-32c-17.67 0-32 14.33-32 32v144H32c-17.67 0-32 14.33-32 32v32c0 17.67 14.33 32 32 32h144v144c0 17.67 14.33 32 32 32h32c17.67 0 32-14.33 32-32V304h144c17.67 0 32-14.33 32-32v-32c0-17.67-14.33-32-32-32z\"><\/path><\/svg><\/span>\n\t\t\t\t\t\t\t\t<span class=\"elementor-accordion-icon-opened\"><svg class=\"e-font-icon-svg e-fas-minus\" viewbox=\"0 0 448 512\" xmlns=\"http:\/\/www.w3.org\/2000\/svg\"><path d=\"M416 208H32c-17.67 0-32 14.33-32 32v32c0 17.67 14.33 32 32 32h384c17.67 0 32-14.33 32-32v-32c0-17.67-14.33-32-32-32z\"><\/path><\/svg><\/span>\n\t\t\t\t\t\t\t\t\t\t\t\t\t\t<\/span>\n\t\t\t\t\t\t\t\t\t\t\t\t<a class=\"elementor-accordion-title\" tabindex=\"0\"> Fulfillment Of Accounting Regulations<\/a>\n\t\t\t\t\t<\/div>\n\t\t\t\t\t<div id=\"elementor-tab-content-8531\" class=\"elementor-tab-content elementor-clearfix\" data-tab=\"1\" role=\"region\" aria-labelledby=\"elementor-tab-title-8531\"><p><span style=\"font-family: proxima-nova;\">We support entities in the implementation, determination and maintenance of the application of accounting regulations such as US GAAP (Generally Accepted Accounting Principles), International Financial Reporting Standards (IFRS), and Mexican Financial Reporting Standards (IFRS).<\/span><\/p><\/div>\n\t\t\t\t<\/div>\n\t\t\t\t\t\t\t<div class=\"elementor-accordion-item\">\n\t\t\t\t\t<div id=\"elementor-tab-title-8532\" class=\"elementor-tab-title\" data-tab=\"2\" role=\"button\" aria-controls=\"elementor-tab-content-8532\" aria-expanded=\"false\">\n\t\t\t\t\t\t\t\t\t\t\t\t\t<span class=\"elementor-accordion-icon elementor-accordion-icon-left\" aria-hidden=\"true\">\n\t\t\t\t\t\t\t\t\t\t\t\t\t\t\t<span class=\"elementor-accordion-icon-closed\"><svg class=\"e-font-icon-svg e-fas-plus\" viewbox=\"0 0 448 512\" xmlns=\"http:\/\/www.w3.org\/2000\/svg\"><path d=\"M416 208H272V64c0-17.67-14.33-32-32-32h-32c-17.67 0-32 14.33-32 32v144H32c-17.67 0-32 14.33-32 32v32c0 17.67 14.33 32 32 32h144v144c0 17.67 14.33 32 32 32h32c17.67 0 32-14.33 32-32V304h144c17.67 0 32-14.33 32-32v-32c0-17.67-14.33-32-32-32z\"><\/path><\/svg><\/span>\n\t\t\t\t\t\t\t\t<span class=\"elementor-accordion-icon-opened\"><svg class=\"e-font-icon-svg e-fas-minus\" viewbox=\"0 0 448 512\" xmlns=\"http:\/\/www.w3.org\/2000\/svg\"><path d=\"M416 208H32c-17.67 0-32 14.33-32 32v32c0 17.67 14.33 32 32 32h384c17.67 0 32-14.33 32-32v-32c0-17.67-14.33-32-32-32z\"><\/path><\/svg><\/span>\n\t\t\t\t\t\t\t\t\t\t\t\t\t\t<\/span>\n\t\t\t\t\t\t\t\t\t\t\t\t<a class=\"elementor-accordion-title\" tabindex=\"0\">Audit &amp; Assurance<\/a>\n\t\t\t\t\t<\/div>\n\t\t\t\t\t<div id=\"elementor-tab-content-8532\" class=\"elementor-tab-content elementor-clearfix\" data-tab=\"2\" role=\"region\" aria-labelledby=\"elementor-tab-title-8532\"><p class=\"MsoNormal\" style=\"margin-bottom:0cm;line-height:normal\"><span style=\"font-size: 12pt; font-family: proxima-nova, serif;\">Our approach allows us to carry out external reviews under the International Auditing Standards (ISAs), where such reviews are carried out with strict quality policies of the firm, based on risk assessment, study and evaluation of internal control, fraud procedures, involvement of technology specialists,  actuaries, appraisers, etc., which will allow us to issue our report commenting on the financial statements as a whole, generating confidence in companies that will allow them to face the challenges of the future.<o:p><\/o:p><\/span><\/p><p class=\"MsoNormal\" style=\"margin-top:0cm;margin-right:0cm;margin-bottom:0cm;margin-left:35.45pt;line-height:normal\"><span style=\"font-size: 12pt; font-family: proxima-nova, serif;\">&nbsp;<o:p><\/o:p><\/span><\/p><p class=\"MsoNormal\" style=\"margin-bottom:0cm;line-height:normal\"><span style=\"font-family: proxima-nova, serif;\">Reviewing is part of our services. compile and issue an opinion on the tax status of entities (SIPRED,) and submit it to the tax authorities.<\/span><span style=\"font-size: 12pt; font-family: proxima-nova, serif;\"><o:p><\/o:p><\/span><\/p><p class=\"MsoNormal\" style=\"margin-top:0cm;margin-right:0cm;margin-bottom:0cm;margin-left:35.45pt;line-height:normal\"><span style=\"font-family: proxima-nova, serif;\">&nbsp;<\/span><span style=\"font-size: 12pt; font-family: proxima-nova, serif;\"><o:p><\/o:p><\/span><\/p><p class=\"MsoNormal\" style=\"line-height: normal; margin: 0cm 0cm .0001pt 35.45pt;\">\n\n\n\n\n\n\n\n<\/p><p class=\"MsoNormal\" style=\"margin-bottom:0cm;line-height:normal\"><span style=\"font-family: proxima-nova, serif;\">In the same way, we offer financial diagnoses, which allows us to know deficiencies that need to be corrected in order to later be able to carry out an external audit.<\/span><span style=\"font-size: 12pt; font-family: proxima-nova, serif;\"><o:p><\/o:p><\/span><\/p><\/div>\n\t\t\t\t<\/div>\n\t\t\t\t\t\t\t<div class=\"elementor-accordion-item\">\n\t\t\t\t\t<div id=\"elementor-tab-title-8533\" class=\"elementor-tab-title\" data-tab=\"3\" role=\"button\" aria-controls=\"elementor-tab-content-8533\" aria-expanded=\"false\">\n\t\t\t\t\t\t\t\t\t\t\t\t\t<span class=\"elementor-accordion-icon elementor-accordion-icon-left\" aria-hidden=\"true\">\n\t\t\t\t\t\t\t\t\t\t\t\t\t\t\t<span class=\"elementor-accordion-icon-closed\"><svg class=\"e-font-icon-svg e-fas-plus\" viewbox=\"0 0 448 512\" xmlns=\"http:\/\/www.w3.org\/2000\/svg\"><path d=\"M416 208H272V64c0-17.67-14.33-32-32-32h-32c-17.67 0-32 14.33-32 32v144H32c-17.67 0-32 14.33-32 32v32c0 17.67 14.33 32 32 32h144v144c0 17.67 14.33 32 32 32h32c17.67 0 32-14.33 32-32V304h144c17.67 0 32-14.33 32-32v-32c0-17.67-14.33-32-32-32z\"><\/path><\/svg><\/span>\n\t\t\t\t\t\t\t\t<span class=\"elementor-accordion-icon-opened\"><svg class=\"e-font-icon-svg e-fas-minus\" viewbox=\"0 0 448 512\" xmlns=\"http:\/\/www.w3.org\/2000\/svg\"><path d=\"M416 208H32c-17.67 0-32 14.33-32 32v32c0 17.67 14.33 32 32 32h384c17.67 0 32-14.33 32-32v-32c0-17.67-14.33-32-32-32z\"><\/path><\/svg><\/span>\n\t\t\t\t\t\t\t\t\t\t\t\t\t\t<\/span>\n\t\t\t\t\t\t\t\t\t\t\t\t<a class=\"elementor-accordion-title\" tabindex=\"0\">Financial advisory <\/a>\n\t\t\t\t\t<\/div>\n\t\t\t\t\t<div id=\"elementor-tab-content-8533\" class=\"elementor-tab-content elementor-clearfix\" data-tab=\"3\" role=\"region\" aria-labelledby=\"elementor-tab-title-8533\"><p style=\"margin: 0cm;\"><span style=\"font-family: proxima-nova;\">We carry out comprehensive financial consulting services, accompanying and advising our clients to face the challenges of the global environment and the market in which they operate, helping to add value to shareholders.<\/span><\/p><p style=\"margin: 0cm;\"><span style=\"font-family: proxima-nova;\"><br><\/span><\/p>\n<p style=\"margin: 0cm; box-sizing: border-box; font-variant-ligatures: normal; font-variant-caps: normal; orphans: 2; widows: 2; -webkit-text-stroke-width: 0px; text-decoration-thickness: initial; text-decoration-style: initial; text-decoration-color: initial; word-spacing: 0px;\"><span style=\"box-sizing: border-box;\">The different activities we carry out also allow us to offer support in strategic business activities such as mergers, spin-offs, valuation, conversion of financial statements different from the functional and\/or registration currency, implementation due to changes in accounting regulations, etc.<\/span><\/p>\n<p style=\"margin: 0cm; margin-bottom: .0001pt;\"><span style=\"font-size: 12pt; font-family: 'Pr\u00f3xima nova', serif;\">&nbsp;<\/span><\/p><\/div>\n\t\t\t\t<\/div>\n\t\t\t\t\t\t\t<div class=\"elementor-accordion-item\">\n\t\t\t\t\t<div id=\"elementor-tab-title-8534\" class=\"elementor-tab-title\" data-tab=\"4\" role=\"button\" aria-controls=\"elementor-tab-content-8534\" aria-expanded=\"false\">\n\t\t\t\t\t\t\t\t\t\t\t\t\t<span class=\"elementor-accordion-icon elementor-accordion-icon-left\" aria-hidden=\"true\">\n\t\t\t\t\t\t\t\t\t\t\t\t\t\t\t<span class=\"elementor-accordion-icon-closed\"><svg class=\"e-font-icon-svg e-fas-plus\" viewbox=\"0 0 448 512\" xmlns=\"http:\/\/www.w3.org\/2000\/svg\"><path d=\"M416 208H272V64c0-17.67-14.33-32-32-32h-32c-17.67 0-32 14.33-32 32v144H32c-17.67 0-32 14.33-32 32v32c0 17.67 14.33 32 32 32h144v144c0 17.67 14.33 32 32 32h32c17.67 0 32-14.33 32-32V304h144c17.67 0 32-14.33 32-32v-32c0-17.67-14.33-32-32-32z\"><\/path><\/svg><\/span>\n\t\t\t\t\t\t\t\t<span class=\"elementor-accordion-icon-opened\"><svg class=\"e-font-icon-svg e-fas-minus\" viewbox=\"0 0 448 512\" xmlns=\"http:\/\/www.w3.org\/2000\/svg\"><path d=\"M416 208H32c-17.67 0-32 14.33-32 32v32c0 17.67 14.33 32 32 32h384c17.67 0 32-14.33 32-32v-32c0-17.67-14.33-32-32-32z\"><\/path><\/svg><\/span>\n\t\t\t\t\t\t\t\t\t\t\t\t\t\t<\/span>\n\t\t\t\t\t\t\t\t\t\t\t\t<a class=\"elementor-accordion-title\" tabindex=\"0\">Learning<\/a>\n\t\t\t\t\t<\/div>\n\t\t\t\t\t<div id=\"elementor-tab-content-8534\" class=\"elementor-tab-content elementor-clearfix\" data-tab=\"4\" role=\"region\" aria-labelledby=\"elementor-tab-title-8534\"><p><span style=\"font-family: proxima-nova;\">We know that the most important thing for entities is their human capital, for this reason, we provide learning courses according to the needs of our clients on current accounting issues, recording of complex operations, analysis and interpretation of financial statements, differences between Mexican Financial Reporting Standards (IFRS) and International Financial Reporting Standards (IFRS),  and American Accounting Principles (USGAAP), etc.<\/span><\/p><\/div>\n\t\t\t\t<\/div>\n\t\t\t\t\t\t\t<div class=\"elementor-accordion-item\">\n\t\t\t\t\t<div id=\"elementor-tab-title-8535\" class=\"elementor-tab-title\" data-tab=\"5\" role=\"button\" aria-controls=\"elementor-tab-content-8535\" aria-expanded=\"false\">\n\t\t\t\t\t\t\t\t\t\t\t\t\t<span class=\"elementor-accordion-icon elementor-accordion-icon-left\" aria-hidden=\"true\">\n\t\t\t\t\t\t\t\t\t\t\t\t\t\t\t<span class=\"elementor-accordion-icon-closed\"><svg class=\"e-font-icon-svg e-fas-plus\" viewbox=\"0 0 448 512\" xmlns=\"http:\/\/www.w3.org\/2000\/svg\"><path d=\"M416 208H272V64c0-17.67-14.33-32-32-32h-32c-17.67 0-32 14.33-32 32v144H32c-17.67 0-32 14.33-32 32v32c0 17.67 14.33 32 32 32h144v144c0 17.67 14.33 32 32 32h32c17.67 0 32-14.33 32-32V304h144c17.67 0 32-14.33 32-32v-32c0-17.67-14.33-32-32-32z\"><\/path><\/svg><\/span>\n\t\t\t\t\t\t\t\t<span class=\"elementor-accordion-icon-opened\"><svg class=\"e-font-icon-svg e-fas-minus\" viewbox=\"0 0 448 512\" xmlns=\"http:\/\/www.w3.org\/2000\/svg\"><path d=\"M416 208H32c-17.67 0-32 14.33-32 32v32c0 17.67 14.33 32 32 32h384c17.67 0 32-14.33 32-32v-32c0-17.67-14.33-32-32-32z\"><\/path><\/svg><\/span>\n\t\t\t\t\t\t\t\t\t\t\t\t\t\t<\/span>\n\t\t\t\t\t\t\t\t\t\t\t\t<a class=\"elementor-accordion-title\" tabindex=\"0\">Corporate Governance<\/a>\n\t\t\t\t\t<\/div>\n\t\t\t\t\t<div id=\"elementor-tab-content-8535\" class=\"elementor-tab-content elementor-clearfix\" data-tab=\"5\" role=\"region\" aria-labelledby=\"elementor-tab-title-8535\"><ul><li class=\"font_8 wixui-rich-text__text\"><p><span style=\"font-family: proxima-nova;\">Corporate governance is the set of rules, principles and procedures that regulate the structure and functioning of a company's governing bodies, which allows the establishment of relationships between the board of directors, the board of directors, shareholders and the rest of the interested parties, and stipulates the rules that govern the decision-making process about the company for the generation of value.<\/span><\/p><p><span style=\"font-family: proxima-nova;\">For this reason, we offer advice on the rules of corporate governance for decision-making that have to do with the general strategic direction of the company and its corporate policies: investments, mergers and acquisitions, appointment of executives, succession plans, control mechanisms on the correct performance of executive management and the implementation of the approved strategic plan.  regulatory compliance and the establishment of appropriate policies and procedures to ensure that the Company, its directors, employees and third parties comply with the applicable regulatory framework and that the relationships between the main governing bodies of the entity prevail, as well as the rights and duties of each of them (Board of Directors, \u00a0Board of Directors and Shareholders).<\/span><\/p><\/li><\/ul><\/div>\n\t\t\t\t<\/div>\n\t\t\t\t\t\t\t<div class=\"elementor-accordion-item\">\n\t\t\t\t\t<div id=\"elementor-tab-title-8536\" class=\"elementor-tab-title\" data-tab=\"6\" role=\"button\" aria-controls=\"elementor-tab-content-8536\" aria-expanded=\"false\">\n\t\t\t\t\t\t\t\t\t\t\t\t\t<span class=\"elementor-accordion-icon elementor-accordion-icon-left\" aria-hidden=\"true\">\n\t\t\t\t\t\t\t\t\t\t\t\t\t\t\t<span class=\"elementor-accordion-icon-closed\"><svg class=\"e-font-icon-svg e-fas-plus\" viewbox=\"0 0 448 512\" xmlns=\"http:\/\/www.w3.org\/2000\/svg\"><path d=\"M416 208H272V64c0-17.67-14.33-32-32-32h-32c-17.67 0-32 14.33-32 32v144H32c-17.67 0-32 14.33-32 32v32c0 17.67 14.33 32 32 32h144v144c0 17.67 14.33 32 32 32h32c17.67 0 32-14.33 32-32V304h144c17.67 0 32-14.33 32-32v-32c0-17.67-14.33-32-32-32z\"><\/path><\/svg><\/span>\n\t\t\t\t\t\t\t\t<span class=\"elementor-accordion-icon-opened\"><svg class=\"e-font-icon-svg e-fas-minus\" viewbox=\"0 0 448 512\" xmlns=\"http:\/\/www.w3.org\/2000\/svg\"><path d=\"M416 208H32c-17.67 0-32 14.33-32 32v32c0 17.67 14.33 32 32 32h384c17.67 0 32-14.33 32-32v-32c0-17.67-14.33-32-32-32z\"><\/path><\/svg><\/span>\n\t\t\t\t\t\t\t\t\t\t\t\t\t\t<\/span>\n\t\t\t\t\t\t\t\t\t\t\t\t<a class=\"elementor-accordion-title\" tabindex=\"0\">Data <\/a>\n\t\t\t\t\t<\/div>\n\t\t\t\t\t<div id=\"elementor-tab-content-8536\" class=\"elementor-tab-content elementor-clearfix\" data-tab=\"6\" role=\"region\" aria-labelledby=\"elementor-tab-title-8536\"><ul><li><p><span style=\"font-family: proxima-nova;\">We support entities in the design of the data strategy, to align it with the interests and strategy of their business, identifying the technological, organizational and data aspects that are required to achieve the objectives of their business, exploiting the potential of data analysis for decision-making.<\/span><\/p><p><span style=\"font-family: proxima-nova;\">We carry out the generation, selection and recalibration of predictive models on the information contained in the database, thus allowing the creation of history in financial information measurements.<\/span><\/p><p><span style=\"font-family: proxima-nova;\">Accompaniment in the implementation of the Data Strategy, understood as the entity that frames organizational, technological and data governance projects. Design thinking methodology to identify relevant aspects to be included in the Data Strategy.<\/span><\/p><\/li><\/ul><\/div>\n\t\t\t\t<\/div>\n\t\t\t\t\t\t\t\t<\/div>\n\t\t\t\t\t\t<\/div>\n\t\t\t\t<\/div>\n\t\t\t\t<\/div>\n\t\t<div class=\"elementor-element elementor-element-311e4a21 e-con-full e-flex e-con e-child\" data-id=\"311e4a21\" data-element_type=\"container\">\n\t\t\t\t<\/div>\n\t\t\t\t\t<\/div>\n\t\t\t\t<\/div>\n\t\t\t\t<\/div>","protected":false},"excerpt":{"rendered":"<p>Auditor\u00eda y consultor\u00eda de negocios Enfocados al desarrollo del negocio, lo asistimos en la creaci\u00f3n de planes estrat\u00e9gicos exitosos, as\u00ed como en la implementaci\u00f3n y adopci\u00f3n de normas contables y procedimientos globales estandarizados al entorno local, as\u00ed como en el an\u00e1lisis de la informaci\u00f3n financiera de su empresa para una mejor toma de decisiones de&hellip;&nbsp;<a href=\"https:\/\/meztaxlegal.com\/en\/auditoria\/\" class=\"\" rel=\"bookmark\">Read More &raquo;<span class=\"screen-reader-text\">Audit<\/span><\/a><\/p>","protected":false},"author":3,"featured_media":0,"parent":0,"menu_order":0,"comment_status":"closed","ping_status":"closed","template":"elementor_header_footer","meta":{"neve_meta_sidebar":"","neve_meta_container":"","neve_meta_enable_content_width":"","neve_meta_content_width":0,"neve_meta_title_alignment":"","neve_meta_author_avatar":"","neve_post_elements_order":"","neve_meta_disable_header":"","neve_meta_disable_footer":"","neve_meta_disable_title":"","footnotes":""},"class_list":["post-299","page","type-page","status-publish","hentry"],"_links":{"self":[{"href":"https:\/\/meztaxlegal.com\/en\/wp-json\/wp\/v2\/pages\/299","targetHints":{"allow":["GET"]}}],"collection":[{"href":"https:\/\/meztaxlegal.com\/en\/wp-json\/wp\/v2\/pages"}],"about":[{"href":"https:\/\/meztaxlegal.com\/en\/wp-json\/wp\/v2\/types\/page"}],"author":[{"embeddable":true,"href":"https:\/\/meztaxlegal.com\/en\/wp-json\/wp\/v2\/users\/3"}],"replies":[{"embeddable":true,"href":"https:\/\/meztaxlegal.com\/en\/wp-json\/wp\/v2\/comments?post=299"}],"version-history":[{"count":79,"href":"https:\/\/meztaxlegal.com\/en\/wp-json\/wp\/v2\/pages\/299\/revisions"}],"predecessor-version":[{"id":1648,"href":"https:\/\/meztaxlegal.com\/en\/wp-json\/wp\/v2\/pages\/299\/revisions\/1648"}],"wp:attachment":[{"href":"https:\/\/meztaxlegal.com\/en\/wp-json\/wp\/v2\/media?parent=299"}],"curies":[{"name":"wp","href":"https:\/\/api.w.org\/{rel}","templated":true}]}}