{"id":349,"date":"2024-03-01T01:34:28","date_gmt":"2024-03-01T00:34:28","guid":{"rendered":"https:\/\/meztaxlegal.com\/?page_id=349"},"modified":"2025-02-19T06:09:32","modified_gmt":"2025-02-19T05:09:32","slug":"red-internacional","status":"publish","type":"page","link":"https:\/\/meztaxlegal.com\/en\/red-internacional\/","title":{"rendered":"International Network"},"content":{"rendered":"<div data-elementor-type=\"wp-page\" data-elementor-id=\"349\" class=\"elementor elementor-349\">\n\t\t\t\t<div class=\"elementor-element elementor-element-12d23ef3 e-con-full e-flex e-con e-parent\" data-id=\"12d23ef3\" data-element_type=\"container\" data-settings=\"{&quot;background_background&quot;:&quot;classic&quot;}\">\n\t\t<div class=\"elementor-element elementor-element-586f10b2 e-flex e-con-boxed e-con e-child\" data-id=\"586f10b2\" data-element_type=\"container\" data-settings=\"{&quot;background_background&quot;:&quot;classic&quot;}\">\n\t\t\t\t\t<div class=\"e-con-inner\">\n\t\t\t\t<div class=\"elementor-element elementor-element-348266b5 elementor-widget elementor-widget-heading\" data-id=\"348266b5\" data-element_type=\"widget\" data-widget_type=\"heading.default\">\n\t\t\t\t<div class=\"elementor-widget-container\">\n\t\t\t\t\t<h1 class=\"elementor-heading-title elementor-size-default\">International<\/h1>\t\t\t\t<\/div>\n\t\t\t\t<\/div>\n\t\t\t\t\t<\/div>\n\t\t\t\t<\/div>\n\t\t\t\t<\/div>\n\t\t<div class=\"elementor-element elementor-element-a53fed0 e-flex e-con-boxed e-con e-parent\" data-id=\"a53fed0\" data-element_type=\"container\">\n\t\t\t\t\t<div class=\"e-con-inner\">\n\t\t\t\t<div class=\"elementor-element elementor-element-2b5fe5a2 elementor-widget elementor-widget-text-editor\" data-id=\"2b5fe5a2\" data-element_type=\"widget\" data-widget_type=\"text-editor.default\">\n\t\t\t\t<div class=\"elementor-widget-container\">\n\t\t\t\t\t\t\t\t\t<p class=\"MsoNormal\" style=\"text-align: justify;\"><span style=\"font-family: proxima-nova; font-size: 14pt;\">Globalization makes cross border transactions happen more often. In order to adapt, while growing their businesses, companies and individuals will face operating in more than one country sooner than later. Our commitment is to facilitate the operation of our clients in various countries, ensuring the same level of quality they expect from their local team. As such, we have collaborating offices with experienced professionals who may assist our clients in many countries over the world. The professionals working in the offices and firms we collaborate with, are all people we have come to know very closely, by successfully working with them in the past.<\/span><\/p>\t\t\t\t\t\t\t\t<\/div>\n\t\t\t\t<\/div>\n\t\t\t\t\t<\/div>\n\t\t\t\t<\/div>\n\t\t<div class=\"elementor-element elementor-element-7fa47c0 e-flex e-con-boxed e-con e-parent\" data-id=\"7fa47c0\" data-element_type=\"container\" data-settings=\"{&quot;background_background&quot;:&quot;classic&quot;}\">\n\t\t\t\t\t<div class=\"e-con-inner\">\n\t\t<div class=\"elementor-element elementor-element-3f7a3164 e-con-full e-flex e-con e-child\" data-id=\"3f7a3164\" data-element_type=\"container\" data-settings=\"{&quot;background_background&quot;:&quot;classic&quot;}\">\n\t\t\t\t<div class=\"elementor-element elementor-element-0ef5a6d elementor-widget elementor-widget-text-editor\" data-id=\"0ef5a6d\" data-element_type=\"widget\" data-widget_type=\"text-editor.default\">\n\t\t\t\t<div class=\"elementor-widget-container\">\n\t\t\t\t\t\t\t\t\t<p class=\"font_8 wixui-rich-text__text\"><span style=\"font-family: proxima-nova; font-size: 12pt;\">Our German Practice may can help you expand your business either in Mexico or in Germany by designing an investing structure and going together to take care of local compliance matters, as well as providing business advising.<\/span><\/p>\n<ul>\n<li class=\"font_8 wixui-rich-text__text\"><span style=\"font-family: proxima-nova; font-size: 12pt;\">Our Branch in Germany\nLocated in : Erlangen, Germany<\/span><\/li>\n<li class=\"font_8 wixui-rich-text__text\"><span style=\"font-family: proxima-nova; font-size: 12pt;\">Your contact: Matthias Gerngross<\/span><\/li>\n<li class=\"font_8 wixui-rich-text__text\"><span style=\"font-family: proxima-nova; font-size: 12pt;\">E-mail&nbsp;<span class=\"wixui-rich-text__text\"><a class=\"wixui-rich-text__text\" href=\"mailto:Matthias.gerngross@meztaxlegal.com\" target=\"_self\">Matthias.gerngross@meztaxlegal.com<\/a><\/span><\/span><\/li>\n<li class=\"font_8 wixui-rich-text__text\"><span style=\"font-family: proxima-nova; font-size: 12pt;\">Telephone number: +49 160 33 76 278<\/span><\/li>\n<\/ul>\n<p style=\"text-align: center; padding-top: 20px;\"><a style=\"background-color: #222130; padding: 10px 20px; color: white;\" href=\"\/en\/practica-alemana\/\">Learn more<\/a><\/p>\t\t\t\t\t\t\t\t<\/div>\n\t\t\t\t<\/div>\n\t\t\t\t<div class=\"elementor-element elementor-element-172adc8f elementor-widget elementor-widget-accordion\" data-id=\"172adc8f\" data-element_type=\"widget\" data-widget_type=\"accordion.default\">\n\t\t\t\t<div class=\"elementor-widget-container\">\n\t\t\t\t\t\t\t<div class=\"elementor-accordion\">\n\t\t\t\t\t\t\t<div class=\"elementor-accordion-item\">\n\t\t\t\t\t<div id=\"elementor-tab-title-3881\" class=\"elementor-tab-title\" data-tab=\"1\" role=\"button\" aria-controls=\"elementor-tab-content-3881\" aria-expanded=\"false\">\n\t\t\t\t\t\t\t\t\t\t\t\t\t<span class=\"elementor-accordion-icon elementor-accordion-icon-left\" aria-hidden=\"true\">\n\t\t\t\t\t\t\t\t\t\t\t\t\t\t\t<span class=\"elementor-accordion-icon-closed\"><svg class=\"e-font-icon-svg e-fas-plus\" viewbox=\"0 0 448 512\" xmlns=\"http:\/\/www.w3.org\/2000\/svg\"><path d=\"M416 208H272V64c0-17.67-14.33-32-32-32h-32c-17.67 0-32 14.33-32 32v144H32c-17.67 0-32 14.33-32 32v32c0 17.67 14.33 32 32 32h144v144c0 17.67 14.33 32 32 32h32c17.67 0 32-14.33 32-32V304h144c17.67 0 32-14.33 32-32v-32c0-17.67-14.33-32-32-32z\"><\/path><\/svg><\/span>\n\t\t\t\t\t\t\t\t<span class=\"elementor-accordion-icon-opened\"><svg class=\"e-font-icon-svg e-fas-minus\" viewbox=\"0 0 448 512\" xmlns=\"http:\/\/www.w3.org\/2000\/svg\"><path d=\"M416 208H32c-17.67 0-32 14.33-32 32v32c0 17.67 14.33 32 32 32h384c17.67 0 32-14.33 32-32v-32c0-17.67-14.33-32-32-32z\"><\/path><\/svg><\/span>\n\t\t\t\t\t\t\t\t\t\t\t\t\t\t<\/span>\n\t\t\t\t\t\t\t\t\t\t\t\t<a class=\"elementor-accordion-title\" tabindex=\"0\">India<\/a>\n\t\t\t\t\t<\/div>\n\t\t\t\t\t<div id=\"elementor-tab-content-3881\" class=\"elementor-tab-content elementor-clearfix\" data-tab=\"1\" role=\"region\" aria-labelledby=\"elementor-tab-title-3881\"><p class=\"font_8 wixui-rich-text__text\"><span class=\"color_19 wixui-rich-text__text\" style=\"font-family: proxima-nova; font-size: 12pt;\">The economic potential of India is increasing, which, along with other factors, make India an attractive country to invest in. A recent visit of more than 300 Indian companies interested in doing business in Mexico, more than 2 billion dollars in investments from India into Mexico and 1 billion dollars\u2019 worth investment of Mexican companies in India, make an attractive and increasing commercial relationship between the two countries.<\/span><\/p>\n<p class=\"font_8 wixui-rich-text__text\"><span class=\"color_19 wixui-rich-text__text\" style=\"font-family: proxima-nova; font-size: 12pt;\">We can help you expand your business either in Mexico or in India by designing an investing structure and going together to take care of local compliance matters.<\/span><\/p>\n<ul>\n<li class=\"font_8 wixui-rich-text__text\"><span class=\"color_19 wixui-rich-text__text\" style=\"font-family: proxima-nova; font-size: 12pt;\">Our collaborating firm: SKT Legal<\/span><\/li><li class=\"font_8 wixui-rich-text__text\"><span class=\"color_19 wixui-rich-text__text\" style=\"font-family: proxima-nova; font-size: 12pt;\"><br><\/span><\/li>\n<li class=\"font_8 wixui-rich-text__text\"><span class=\"color_19 wixui-rich-text__text\" style=\"font-family: proxima-nova; font-size: 12pt;\">Located in: Mumbai, India<\/span><\/li><li class=\"font_8 wixui-rich-text__text\"><span class=\"color_19 wixui-rich-text__text\" style=\"font-family: proxima-nova; font-size: 12pt;\"><br><\/span><\/li>\n<li class=\"font_8 wixui-rich-text__text\"><span class=\"color_19 wixui-rich-text__text\" style=\"font-family: proxima-nova; font-size: 12pt;\">Specializes in the field of Direct and International tax and provides advisory and litigates before the various tax authorities all over India. It has worked internationally for many years.<\/span><\/li><li class=\"font_8 wixui-rich-text__text\"><span class=\"color_19 wixui-rich-text__text\" style=\"font-family: proxima-nova; font-size: 12pt;\"><br><\/span><\/li>\n<li class=\"font_8 wixui-rich-text__text\"><span class=\"color_19 wixui-rich-text__text\" style=\"font-family: proxima-nova; font-size: 12pt;\">Your contact: Mr Sashi Tulsiyan, LLM<\/span><\/li>\n<li class=\"font_8 wixui-rich-text__text\"><span class=\"color_19 wixui-rich-text__text\" style=\"font-family: proxima-nova; font-size: 12pt;\">E-mail&nbsp;<span class=\"wixui-rich-text__text\"><a class=\"wixui-rich-text__text\" href=\"mailto:sashit@sktlegal.co.in\" target=\"_self\">sashit@sktlegal.co.in<\/a><\/span><\/span><\/li>\n<li class=\"font_8 wixui-rich-text__text\"><span class=\"color_19 wixui-rich-text__text\" style=\"font-family: proxima-nova; font-size: 12pt;\">Phone number: +91 98198 69458&nbsp;<\/span><\/li>\n<\/ul><\/div>\n\t\t\t\t<\/div>\n\t\t\t\t\t\t\t<div class=\"elementor-accordion-item\">\n\t\t\t\t\t<div id=\"elementor-tab-title-3882\" class=\"elementor-tab-title\" data-tab=\"2\" role=\"button\" aria-controls=\"elementor-tab-content-3882\" aria-expanded=\"false\">\n\t\t\t\t\t\t\t\t\t\t\t\t\t<span class=\"elementor-accordion-icon elementor-accordion-icon-left\" aria-hidden=\"true\">\n\t\t\t\t\t\t\t\t\t\t\t\t\t\t\t<span class=\"elementor-accordion-icon-closed\"><svg class=\"e-font-icon-svg e-fas-plus\" viewbox=\"0 0 448 512\" xmlns=\"http:\/\/www.w3.org\/2000\/svg\"><path d=\"M416 208H272V64c0-17.67-14.33-32-32-32h-32c-17.67 0-32 14.33-32 32v144H32c-17.67 0-32 14.33-32 32v32c0 17.67 14.33 32 32 32h144v144c0 17.67 14.33 32 32 32h32c17.67 0 32-14.33 32-32V304h144c17.67 0 32-14.33 32-32v-32c0-17.67-14.33-32-32-32z\"><\/path><\/svg><\/span>\n\t\t\t\t\t\t\t\t<span class=\"elementor-accordion-icon-opened\"><svg class=\"e-font-icon-svg e-fas-minus\" viewbox=\"0 0 448 512\" xmlns=\"http:\/\/www.w3.org\/2000\/svg\"><path d=\"M416 208H32c-17.67 0-32 14.33-32 32v32c0 17.67 14.33 32 32 32h384c17.67 0 32-14.33 32-32v-32c0-17.67-14.33-32-32-32z\"><\/path><\/svg><\/span>\n\t\t\t\t\t\t\t\t\t\t\t\t\t\t<\/span>\n\t\t\t\t\t\t\t\t\t\t\t\t<a class=\"elementor-accordion-title\" tabindex=\"0\">Panama<\/a>\n\t\t\t\t\t<\/div>\n\t\t\t\t\t<div id=\"elementor-tab-content-3882\" class=\"elementor-tab-content elementor-clearfix\" data-tab=\"2\" role=\"region\" aria-labelledby=\"elementor-tab-title-3882\"><p style=\"text-align: justify;\">The strategic location of Panama and its developed financial sector awakens investors\u2019 interest in the country. With common commerce with Mexico of around 700 million USD per year, the current trade agreement between both countries shall increase the number within the following years.\u00a0<\/p><p style=\"text-align: justify;\">We can help you expand your business either in Mexico or in Panama by designing an investing structure and going together to take care of local compliance matters.<\/p><p style=\"text-align: justify;\">Our collaborating firm: Linkorp<\/p><p style=\"text-align: justify;\"><span style=\"font-size: var(--bodyfontsize); letter-spacing: var(--bodyletterspacing); text-transform: var(--bodytexttransform);\">Located in: Panama City, Panama<\/span><\/p><p style=\"text-align: justify;\" class=\"translation-block\">Specializes in corporate and commercial law, mergers and acquisitions, taxation, immigration, estate planning, commercial contracts, public contracting and regulated industries. It has worked internationally for many years.<\/p><p style=\"text-align: justify;\"><span style=\"font-size: var(--bodyfontsize); letter-spacing: var(--bodyletterspacing); text-transform: var(--bodytexttransform);\">Your contact: Ms. Michelle Martinelli\u00a0<\/span><span style=\"font-size: var(--bodyfontsize); letter-spacing: var(--bodyletterspacing); text-transform: var(--bodytexttransform);\">de Mouyn\u00e9s<\/span><\/p><p style=\"text-align: justify;\">E-mail\u00a0<a href=\"mailto:mmartinelli@linkorp.com\">mmartinelli@linkorp.com<\/a>\u00a0\u00a0\u00a0\u00a0\u00a0\u00a0\u00a0\u00a0\u00a0<\/p><p style=\"text-align: justify;\">Phone +507 226 5340<\/p><p style=\"text-align: justify;\"><a href=\"http:\/\/www.linkorp.com\/\">www.linkorp.com<\/a><\/p><p style=\"margin: 0cm 0cm 22.5pt 0cm;\">\u00a0<\/p><p style=\"text-align: justify;\">\u00a0<\/p><\/div>\n\t\t\t\t<\/div>\n\t\t\t\t\t\t\t<div class=\"elementor-accordion-item\">\n\t\t\t\t\t<div id=\"elementor-tab-title-3883\" class=\"elementor-tab-title\" data-tab=\"3\" role=\"button\" aria-controls=\"elementor-tab-content-3883\" aria-expanded=\"false\">\n\t\t\t\t\t\t\t\t\t\t\t\t\t<span class=\"elementor-accordion-icon elementor-accordion-icon-left\" aria-hidden=\"true\">\n\t\t\t\t\t\t\t\t\t\t\t\t\t\t\t<span class=\"elementor-accordion-icon-closed\"><svg class=\"e-font-icon-svg e-fas-plus\" viewbox=\"0 0 448 512\" xmlns=\"http:\/\/www.w3.org\/2000\/svg\"><path d=\"M416 208H272V64c0-17.67-14.33-32-32-32h-32c-17.67 0-32 14.33-32 32v144H32c-17.67 0-32 14.33-32 32v32c0 17.67 14.33 32 32 32h144v144c0 17.67 14.33 32 32 32h32c17.67 0 32-14.33 32-32V304h144c17.67 0 32-14.33 32-32v-32c0-17.67-14.33-32-32-32z\"><\/path><\/svg><\/span>\n\t\t\t\t\t\t\t\t<span class=\"elementor-accordion-icon-opened\"><svg class=\"e-font-icon-svg e-fas-minus\" viewbox=\"0 0 448 512\" xmlns=\"http:\/\/www.w3.org\/2000\/svg\"><path d=\"M416 208H32c-17.67 0-32 14.33-32 32v32c0 17.67 14.33 32 32 32h384c17.67 0 32-14.33 32-32v-32c0-17.67-14.33-32-32-32z\"><\/path><\/svg><\/span>\n\t\t\t\t\t\t\t\t\t\t\t\t\t\t<\/span>\n\t\t\t\t\t\t\t\t\t\t\t\t<a class=\"elementor-accordion-title\" tabindex=\"0\">United Kingdom<\/a>\n\t\t\t\t\t<\/div>\n\t\t\t\t\t<div id=\"elementor-tab-content-3883\" class=\"elementor-tab-content elementor-clearfix\" data-tab=\"3\" role=\"region\" aria-labelledby=\"elementor-tab-title-3883\"><p style=\"text-align:justify\">Our collaborating firm: Hansuke Consulting Located in: London, U.K.<o:p><\/o:p><\/p><p style=\"text-align:justify\"><span style=\"font-size: var(--bodyfontsize); letter-spacing: var(--bodyletterspacing); text-transform: var(--bodytexttransform);\">Hansuke Consulting is a specialist financial services consulting firm working with leading financial institutions across a number of disciplines. With over 100 years of cumulative knowledge and experience in  the  financial services industry, Hansuke Consulting is  committed to delivering outstanding results.<\/span><\/p><p style=\"text-align:justify\"><span style=\"font-size: var(--bodyfontsize); letter-spacing: var(--bodyletterspacing); text-transform: var(--bodytexttransform);\">Hansuke Consulting is an accredited and regulated firm by the Institute of Chartered Accountants in England and Wales (ICAEW).<\/span><\/p><p style=\"text-align:justify\"><span style=\"font-size: var(--bodyfontsize); letter-spacing: var(--bodyletterspacing); text-transform: var(--bodytexttransform);\">Our collaborating firm:\u00a0Hansuke Consulting<\/span><br><\/p><p style=\"text-align:justify\"><span style=\"font-size: var(--bodyfontsize); letter-spacing: var(--bodyletterspacing); text-transform: var(--bodytexttransform);\">Located in: London, U.K.<\/span><br><\/p><p style=\"text-align:justify\"><span style=\"font-size: var(--bodyfontsize); letter-spacing: var(--bodyletterspacing); text-transform: var(--bodytexttransform);\">Practice areas: GDPR, Corporate Criminal Offenses, CRS, Cyber Security, Employment Tax, FATCA, Governance, Risk &amp; Compliance, Qualified Intermediary Regime, Securities Tax, Security Awareness, Tax Function Improvement &amp; SAO, Tax Reporting &amp; Compliance, Technology &amp; Innovation, VAT, GST and other sales taxes.<\/span><br><\/p><p style=\"text-align:justify\"><span style=\"font-size: var(--bodyfontsize); letter-spacing: var(--bodyletterspacing); text-transform: var(--bodytexttransform);\">Your contact: Elena Bescos Gracia<\/span><br><\/p><p style=\"text-align:justify\">E-mail&nbsp;<a href=\"mailto:elenabescosgracia@hansuke.co.uk\" target=\"_self\">elenabescosgracia@hansuke.co.uk<\/a><o:p><\/o:p><\/p><p style=\"text-align:justify\">Phone number: +44 (0) 207 816 5488&nbsp; &nbsp; &nbsp;<span style=\"font-size: var(--bodyfontsize); letter-spacing: var(--bodyletterspacing); text-transform: var(--bodytexttransform);\">+44 749 6058864<\/span><\/p><p style=\"text-align:justify\">&nbsp;<a href=\"http:\/\/www.hansuke.co.uk\/\" style=\"font-size: var(--bodyfontsize); letter-spacing: var(--bodyletterspacing); text-transform: var(--bodytexttransform);\">www.hansuke.co.uk<\/a><\/p><\/div>\n\t\t\t\t<\/div>\n\t\t\t\t\t\t\t<div class=\"elementor-accordion-item\">\n\t\t\t\t\t<div id=\"elementor-tab-title-3884\" class=\"elementor-tab-title\" data-tab=\"4\" role=\"button\" aria-controls=\"elementor-tab-content-3884\" aria-expanded=\"false\">\n\t\t\t\t\t\t\t\t\t\t\t\t\t<span class=\"elementor-accordion-icon elementor-accordion-icon-left\" aria-hidden=\"true\">\n\t\t\t\t\t\t\t\t\t\t\t\t\t\t\t<span class=\"elementor-accordion-icon-closed\"><svg class=\"e-font-icon-svg e-fas-plus\" viewbox=\"0 0 448 512\" xmlns=\"http:\/\/www.w3.org\/2000\/svg\"><path d=\"M416 208H272V64c0-17.67-14.33-32-32-32h-32c-17.67 0-32 14.33-32 32v144H32c-17.67 0-32 14.33-32 32v32c0 17.67 14.33 32 32 32h144v144c0 17.67 14.33 32 32 32h32c17.67 0 32-14.33 32-32V304h144c17.67 0 32-14.33 32-32v-32c0-17.67-14.33-32-32-32z\"><\/path><\/svg><\/span>\n\t\t\t\t\t\t\t\t<span class=\"elementor-accordion-icon-opened\"><svg class=\"e-font-icon-svg e-fas-minus\" viewbox=\"0 0 448 512\" xmlns=\"http:\/\/www.w3.org\/2000\/svg\"><path d=\"M416 208H32c-17.67 0-32 14.33-32 32v32c0 17.67 14.33 32 32 32h384c17.67 0 32-14.33 32-32v-32c0-17.67-14.33-32-32-32z\"><\/path><\/svg><\/span>\n\t\t\t\t\t\t\t\t\t\t\t\t\t\t<\/span>\n\t\t\t\t\t\t\t\t\t\t\t\t<a class=\"elementor-accordion-title\" tabindex=\"0\">United States<\/a>\n\t\t\t\t\t<\/div>\n\t\t\t\t\t<div id=\"elementor-tab-content-3884\" class=\"elementor-tab-content elementor-clearfix\" data-tab=\"4\" role=\"region\" aria-labelledby=\"elementor-tab-title-3884\"><p style=\"text-align:justify\">Friedman LLP has been recognized as a national and regional leader in the tax and accounting space reflecting its belief that investing in employees\u2019 personal and professional well- being fosters excellent client service. To that end, Friedman was recognized as a 2019 \"Best of Accounting\" firm by ClearlyRated, based on client survey responses marking the firm's service quality as \"significantly higher than the industry average.\"<o:p><\/o:p><\/p>\n<p style=\"text-align:justify\"><span style=\"font-size: var(--bodyfontsize); letter-spacing: var(--bodyletterspacing); text-transform: var(--bodytexttransform);\">Our collaborating firm: Friedman, LLP<\/span><\/p>\n<p style=\"text-align:justify\"><span style=\"font-size: var(--bodyfontsize); letter-spacing: var(--bodyletterspacing); text-transform: var(--bodytexttransform);\">Located in: New York, U.S.A.<\/span><\/p>\n<p style=\"text-align:justify\" class=\"translation-block\">Practice areas: Accounting, Audit &amp; Assurance, Asia Practice, Cybersecurity Consulting, Economic &amp; Statistical Consultancy, Forensic, Litigation &amp; Valuation Services, Governance, Risk &amp; Compliance, International Services, Outsourced Accounting, Pension Administration Services, Public Company Services, Qualified Opportunity Zone Consulting, Tax, Transaction Advisory Services.<\/p>\n<p style=\"text-align:justify\"><span style=\"font-size: var(--bodyfontsize); letter-spacing: var(--bodyletterspacing); text-transform: var(--bodytexttransform);\">Your contact: Ryan Dudley<\/span><\/p>\n<p style=\"text-align:justify\">E-mail&nbsp;<a href=\"mailto:rdudley@friedmanllp.com\">rdudley@friedmanllp.com<\/a>&nbsp;&nbsp;&nbsp;&nbsp;&nbsp;&nbsp;&nbsp;&nbsp;<o:p><\/o:p><\/p>\n<p style=\"text-align:justify\">Phone number: +1 212 842 7095<o:p><\/o:p><\/p>\n<p style=\"text-align:justify\">&nbsp;<a href=\"http:\/\/www.friedmanllp.com\/\" style=\"font-size: var(--bodyfontsize); letter-spacing: var(--bodyletterspacing); text-transform: var(--bodytexttransform);\">www.friedmanllp.com<\/a><\/p><\/div>\n\t\t\t\t<\/div>\n\t\t\t\t\t\t\t<div class=\"elementor-accordion-item\">\n\t\t\t\t\t<div id=\"elementor-tab-title-3885\" class=\"elementor-tab-title\" data-tab=\"5\" role=\"button\" aria-controls=\"elementor-tab-content-3885\" aria-expanded=\"false\">\n\t\t\t\t\t\t\t\t\t\t\t\t\t<span class=\"elementor-accordion-icon elementor-accordion-icon-left\" aria-hidden=\"true\">\n\t\t\t\t\t\t\t\t\t\t\t\t\t\t\t<span class=\"elementor-accordion-icon-closed\"><svg class=\"e-font-icon-svg e-fas-plus\" viewbox=\"0 0 448 512\" xmlns=\"http:\/\/www.w3.org\/2000\/svg\"><path d=\"M416 208H272V64c0-17.67-14.33-32-32-32h-32c-17.67 0-32 14.33-32 32v144H32c-17.67 0-32 14.33-32 32v32c0 17.67 14.33 32 32 32h144v144c0 17.67 14.33 32 32 32h32c17.67 0 32-14.33 32-32V304h144c17.67 0 32-14.33 32-32v-32c0-17.67-14.33-32-32-32z\"><\/path><\/svg><\/span>\n\t\t\t\t\t\t\t\t<span class=\"elementor-accordion-icon-opened\"><svg class=\"e-font-icon-svg e-fas-minus\" viewbox=\"0 0 448 512\" xmlns=\"http:\/\/www.w3.org\/2000\/svg\"><path d=\"M416 208H32c-17.67 0-32 14.33-32 32v32c0 17.67 14.33 32 32 32h384c17.67 0 32-14.33 32-32v-32c0-17.67-14.33-32-32-32z\"><\/path><\/svg><\/span>\n\t\t\t\t\t\t\t\t\t\t\t\t\t\t<\/span>\n\t\t\t\t\t\t\t\t\t\t\t\t<a class=\"elementor-accordion-title\" tabindex=\"0\">Colombia<\/a>\n\t\t\t\t\t<\/div>\n\t\t\t\t\t<div id=\"elementor-tab-content-3885\" class=\"elementor-tab-content elementor-clearfix\" data-tab=\"5\" role=\"region\" aria-labelledby=\"elementor-tab-title-3885\"><p style=\"margin:0cm\"><span style=\"font-family: proxima-nova, serif;\">Global Gaap provides solutions for continuous improvement and achievement of the objectives of its clients in all industries, contributing to the development of business in Colombia; alongside with the professional and personal growth of its team.<\/span><o:p><\/o:p><\/p>\n<p style=\"margin: 0cm 0cm 0cm 2.4pt;\"><span style=\"font-family: proxima-nova, serif;\">&nbsp;<\/span><\/p>\n<p style=\"margin: 0cm;\"><span style=\"font-family: proxima-nova, serif;\">Our collaborating firm: Globalgaap<\/span><o:p><\/o:p><\/p>\n<p style=\"margin:0cm\"><span style=\"font-family: proxima-nova, serif;\">&nbsp;<\/span><\/p>\n<p style=\"margin: 0cm;\"><span style=\"font-family: proxima-nova, serif;\">Located in: Bogot\u00e1, Colombia<\/span><o:p><\/o:p><\/p>\n<p style=\"margin:0cm\"><span style=\"font-family: proxima-nova, serif;\">&nbsp;<\/span><\/p>\n<p style=\"margin: 0cm;\"><span style=\"font-family: proxima-nova, serif;\">Practice areas: Audit &amp; Assurance, Accounting Outsourcing, IFRS Conversion Process, Tax, Consultancy.<\/span><o:p><\/o:p><\/p>\n<p style=\"margin:0cm\"><span style=\"font-family: proxima-nova, serif;\">&nbsp;<\/span><\/p>\n<p style=\"margin: 0cm;\"><span style=\"font-family: proxima-nova, serif;\">Your contact: Ms. Beiky H. Cardozo, Mr. Alejandro Romero<\/span><o:p><\/o:p><\/p>\n<p style=\"margin: 0cm;\"><span style=\"font-family: proxima-nova, serif;\">E-mail&nbsp;<a href=\"mailto:beiky.cardozo@globalgaap.com.co\" data-auto-recognition=\"true\" style=\"--linkdeco: none;\">beiky.cardozo@globalgaap.com.co<\/a><\/span><o:p><\/o:p><\/p>\n<p style=\"margin: 0cm;\"><span><span style=\"font-family: proxima-nova, serif;\"><a href=\"mailto:alejandro.romero@globalgaap.com.co\">alejandro.romero@globalgaap.com.co<\/a><\/span><\/span><span style=\"font-family: proxima-nova, serif;\"><o:p><\/o:p><\/span><\/p>\n<p style=\"margin: 0cm;\"><span style=\"font-family: proxima-nova, serif;\">Phone: (57+1) 694 79 50<\/span><o:p><\/o:p><\/p>\n<p style=\"margin: 0cm;\"><span style=\"font-family: proxima-nova, serif;\"><br><\/span><\/p>\n<p style=\"margin:0cm\"><span style=\"font-family: proxima-nova, serif;\">&nbsp;<\/span><a href=\"https:\/\/globalgaap.com.co\" style=\"font-family: proxima-nova, serif; font-size: var(--bodyfontsize); letter-spacing: var(--bodyletterspacing); text-transform: var(--bodytexttransform);\">https:\/\/globalgaap.com.co<\/a><\/p><\/div>\n\t\t\t\t<\/div>\n\t\t\t\t\t\t\t\t<\/div>\n\t\t\t\t\t\t<\/div>\n\t\t\t\t<\/div>\n\t\t\t\t<\/div>\n\t\t<div class=\"elementor-element elementor-element-727f9792 e-con-full e-flex e-con e-child\" data-id=\"727f9792\" data-element_type=\"container\">\n\t\t\t\t<\/div>\n\t\t\t\t\t<\/div>\n\t\t\t\t<\/div>\n\t\t\t\t<\/div>","protected":false},"excerpt":{"rendered":"<p>Internacional La globalizaci\u00f3n hace que operaciones internacionales ocurran m\u00e1s a\u00a0menudo. Las compa\u00f1\u00edas y personas se ver\u00e1n operando en m\u00e1s de un pa\u00eds al buscar\u00a0el crecimiento de su negocio en un corto plazo. Nuestro compromiso es facilitar\u00a0la operaci\u00f3n de nuestros clientes en varios pa\u00edses, asegurando el mismo nivel\u00a0de calidad que reciben de su firma local. Es&hellip;&nbsp;<a href=\"https:\/\/meztaxlegal.com\/en\/red-internacional\/\" class=\"\" rel=\"bookmark\">Read More &raquo;<span class=\"screen-reader-text\">International Network<\/span><\/a><\/p>","protected":false},"author":3,"featured_media":0,"parent":0,"menu_order":0,"comment_status":"closed","ping_status":"closed","template":"elementor_header_footer","meta":{"neve_meta_sidebar":"","neve_meta_container":"","neve_meta_enable_content_width":"","neve_meta_content_width":0,"neve_meta_title_alignment":"","neve_meta_author_avatar":"","neve_post_elements_order":"","neve_meta_disable_header":"","neve_meta_disable_footer":"","neve_meta_disable_title":"","footnotes":""},"class_list":["post-349","page","type-page","status-publish","hentry"],"_links":{"self":[{"href":"https:\/\/meztaxlegal.com\/en\/wp-json\/wp\/v2\/pages\/349","targetHints":{"allow":["GET"]}}],"collection":[{"href":"https:\/\/meztaxlegal.com\/en\/wp-json\/wp\/v2\/pages"}],"about":[{"href":"https:\/\/meztaxlegal.com\/en\/wp-json\/wp\/v2\/types\/page"}],"author":[{"embeddable":true,"href":"https:\/\/meztaxlegal.com\/en\/wp-json\/wp\/v2\/users\/3"}],"replies":[{"embeddable":true,"href":"https:\/\/meztaxlegal.com\/en\/wp-json\/wp\/v2\/comments?post=349"}],"version-history":[{"count":187,"href":"https:\/\/meztaxlegal.com\/en\/wp-json\/wp\/v2\/pages\/349\/revisions"}],"predecessor-version":[{"id":2066,"href":"https:\/\/meztaxlegal.com\/en\/wp-json\/wp\/v2\/pages\/349\/revisions\/2066"}],"wp:attachment":[{"href":"https:\/\/meztaxlegal.com\/en\/wp-json\/wp\/v2\/media?parent=349"}],"curies":[{"name":"wp","href":"https:\/\/api.w.org\/{rel}","templated":true}]}}