{"id":356,"date":"2024-03-01T01:43:15","date_gmt":"2024-03-01T00:43:15","guid":{"rendered":"https:\/\/meztaxlegal.com\/?page_id=356"},"modified":"2024-06-22T16:42:44","modified_gmt":"2024-06-22T14:42:44","slug":"practica-alemana","status":"publish","type":"page","link":"https:\/\/meztaxlegal.com\/en\/practica-alemana\/","title":{"rendered":"German Practice"},"content":{"rendered":"<div data-elementor-type=\"wp-page\" data-elementor-id=\"356\" class=\"elementor elementor-356\">\n\t\t\t\t<div class=\"elementor-element elementor-element-71e0c834 e-con-full e-flex e-con e-parent\" data-id=\"71e0c834\" data-element_type=\"container\" data-settings=\"{&quot;background_background&quot;:&quot;classic&quot;}\">\n\t\t<div class=\"elementor-element elementor-element-71a9ce85 e-flex e-con-boxed e-con e-child\" data-id=\"71a9ce85\" data-element_type=\"container\" data-settings=\"{&quot;background_background&quot;:&quot;classic&quot;}\">\n\t\t\t\t\t<div class=\"e-con-inner\">\n\t\t\t\t<div class=\"elementor-element elementor-element-650cb00d elementor-widget elementor-widget-heading\" data-id=\"650cb00d\" data-element_type=\"widget\" data-widget_type=\"heading.default\">\n\t\t\t\t<div class=\"elementor-widget-container\">\n\t\t\t\t\t<h1 class=\"elementor-heading-title elementor-size-default\">German Practice<\/h1>\t\t\t\t<\/div>\n\t\t\t\t<\/div>\n\t\t\t\t\t<\/div>\n\t\t\t\t<\/div>\n\t\t\t\t<\/div>\n\t\t<div class=\"elementor-element elementor-element-73adf9f5 e-flex e-con-boxed e-con e-parent\" data-id=\"73adf9f5\" data-element_type=\"container\" data-settings=\"{&quot;background_background&quot;:&quot;classic&quot;}\">\n\t\t\t\t\t<div class=\"e-con-inner\">\n\t\t<div class=\"elementor-element elementor-element-1d3ef559 e-con-full e-flex e-con e-child\" data-id=\"1d3ef559\" data-element_type=\"container\">\n\t\t\t\t<div class=\"elementor-element elementor-element-67965b10 elementor-widget elementor-widget-accordion\" data-id=\"67965b10\" data-element_type=\"widget\" data-widget_type=\"accordion.default\">\n\t\t\t\t<div class=\"elementor-widget-container\">\n\t\t\t\t\t\t\t<div class=\"elementor-accordion\">\n\t\t\t\t\t\t\t<div class=\"elementor-accordion-item\">\n\t\t\t\t\t<div id=\"elementor-tab-title-1731\" class=\"elementor-tab-title\" data-tab=\"1\" role=\"button\" aria-controls=\"elementor-tab-content-1731\" aria-expanded=\"false\">\n\t\t\t\t\t\t\t\t\t\t\t\t\t<span class=\"elementor-accordion-icon elementor-accordion-icon-left\" aria-hidden=\"true\">\n\t\t\t\t\t\t\t\t\t\t\t\t\t\t\t<span class=\"elementor-accordion-icon-closed\"><svg class=\"e-font-icon-svg e-fas-plus\" viewbox=\"0 0 448 512\" xmlns=\"http:\/\/www.w3.org\/2000\/svg\"><path d=\"M416 208H272V64c0-17.67-14.33-32-32-32h-32c-17.67 0-32 14.33-32 32v144H32c-17.67 0-32 14.33-32 32v32c0 17.67 14.33 32 32 32h144v144c0 17.67 14.33 32 32 32h32c17.67 0 32-14.33 32-32V304h144c17.67 0 32-14.33 32-32v-32c0-17.67-14.33-32-32-32z\"><\/path><\/svg><\/span>\n\t\t\t\t\t\t\t\t<span class=\"elementor-accordion-icon-opened\"><svg class=\"e-font-icon-svg e-fas-minus\" viewbox=\"0 0 448 512\" xmlns=\"http:\/\/www.w3.org\/2000\/svg\"><path d=\"M416 208H32c-17.67 0-32 14.33-32 32v32c0 17.67 14.33 32 32 32h384c17.67 0 32-14.33 32-32v-32c0-17.67-14.33-32-32-32z\"><\/path><\/svg><\/span>\n\t\t\t\t\t\t\t\t\t\t\t\t\t\t<\/span>\n\t\t\t\t\t\t\t\t\t\t\t\t<a class=\"elementor-accordion-title\" tabindex=\"0\">English<\/a>\n\t\t\t\t\t<\/div>\n\t\t\t\t\t<div id=\"elementor-tab-content-1731\" class=\"elementor-tab-content elementor-clearfix\" data-tab=\"1\" role=\"region\" aria-labelledby=\"elementor-tab-title-1731\"><p class=\"font8\" style=\"margin-top:0cm;margin-right:0cm;margin-bottom:22.5pt;margin-left:0cm\"><span class=\"wixui-rich-texttext\">Our German practice is envisioned to serve as an experienced and professional help to German and Austrian investors in their path to enter the Mexican and Latin American market. We have an experienced team in our different areas of expertise thought to cover all the needs a business may require in Mexico.<\/span><span style=\"font-family: proxima-nova, serif;\"><o:p><\/o:p><\/span><\/p><p class=\"font8\" style=\"margin: 0cm 0cm 22.5pt;\"><span class=\"wixui-rich-texttext\">Besides an experienced team in Mexico, we have contacts in Latin America with whom we have successfully worked in the past, currently in the process of joining our network; our team will help us guide you not only into Mexico but in Latin America, should it be in your plans, to expand in the region, path we have followed many times before with a great variety of clients.<\/span><span style=\"font-family: proxima-nova, serif;\"><o:p><\/o:p><\/span><\/p><p class=\"font8\" style=\"margin: 0cm 0cm 22.5pt;\"><span class=\"wixui-rich-texttext\">Our\tGerman\tpractice\ttakes\tnot\tonly\texperienced\nprofessionals\tin\tMexico,\tbut\talso\tin\tGermany,\twith\ta\npermanent\tpresence\tin\tsaid\tcountry,\twhich\tshall\thelp\nexpedite the communication, taking advantage of the same\ntime zone, language and business culture experienced firsthand. Our partner in Germany will help you understand the business environment in Mexico and may assist you in the whole project to enter the Mexican and Latin American market.<\/span><span style=\"font-family: proxima-nova, serif;\"><o:p><\/o:p><\/span><\/p><p class=\"font8\" style=\"margin: 0cm 0cm 22.5pt;\"><span class=\"wixui-rich-texttext\">Likewise, given our experience with German companies and the German business environment, we may help our clients in Mexico, or Latin America, reach the German market with the proper counsel from various stand points.<\/span><span style=\"font-family: proxima-nova, serif;\"><o:p><\/o:p><\/span><\/p><p class=\"font8\" style=\"margin: 0cm 0cm 22.5pt;\"><span class=\"wixui-rich-texttext\">We not only help our clients in the traditional sense of advising on legal, accounting and the like matters, we go one step further, as an added value, and help our clients with proper counsel to find a business partner in Germany or in Mexico, as the case may be, as well as business opportunities in each country; please feel free to contact us in this sense as well.<\/span><span style=\"font-family: proxima-nova, serif;\"><o:p><\/o:p><\/span><\/p><p class=\"font8\" style=\"margin-top:0cm;margin-right:0cm;margin-bottom:22.5pt;margin-left:0cm\"><span class=\"wixui-rich-texttext\">Our Practice Areas:<\/span><span style=\"font-family: proxima-nova, serif;\"><o:p><\/o:p><\/span><\/p><p class=\"font8\" style=\"margin:0cm\"><span class=\"wixui-rich-texttext\">Legal<\/span><span style=\"font-family: Roboto;\"><o:p><\/o:p><\/span><\/p><p class=\"font8\" style=\"margin:0cm\"><span class=\"wixui-rich-texttext\">Taxes<\/span><span style=\"font-family: Roboto;\"><o:p><\/o:p><\/span><\/p><p class=\"font8\" style=\"margin:0cm\"><span class=\"wixui-rich-texttext\">Foreign trade<\/span><span style=\"font-family: Roboto;\"><o:p><\/o:p><\/span><\/p><p class=\"font8\" style=\"margin:0cm\"><span class=\"wixui-rich-texttext\">Audit<\/span><span style=\"font-family: Roboto;\"><o:p><\/o:p><\/span><\/p><p class=\"font8\" style=\"margin:0cm\"><span class=\"wixui-rich-texttext\">Accounting<\/span><span style=\"font-family: Roboto;\"><o:p><\/o:p><\/span><\/p><p class=\"font8\" style=\"margin:0cm\"><span class=\"wixui-rich-texttext\">Compliance<\/span><span style=\"font-family: Roboto;\"><o:p><\/o:p><\/span><\/p><p class=\"font8\" style=\"margin:0cm\"><span class=\"wixui-rich-texttext\">Transfer Pricing<\/span><span style=\"font-family: Roboto;\"><o:p><\/o:p><\/span><\/p><p class=\"font8\" style=\"margin:0cm\"><span class=\"wixui-rich-texttext\">Asesor\u00eda\nde Negocios<\/span><span style=\"font-family: Roboto;\"><o:p><\/o:p><\/span><\/p><p class=\"font8\" style=\"margin-top:0cm;margin-right:0cm;margin-bottom:0cm;margin-left:18.0pt\"><span style=\"font-family: proxima-nova, serif;\"><br>\n<!--[if !supportLineBreakNewLine]--><br>\n<!--[endif]--><span style=\"font-family: Roboto;\"><\/span><o:p><\/o:p><\/span><\/p><p class=\"font8\" style=\"margin: 0cm 0cm 22.5pt;\"><span class=\"wixui-rich-texttext\"><span style=\"font-family: proxima-nova, serif;\">Contact us&nbsp;<\/span><o:p><\/o:p><\/span><span style=\"font-size: var(--bodyfontsize); letter-spacing: var(--bodyletterspacing); text-transform: var(--bodytexttransform);\"><\/span><\/p><p class=\"font8\" style=\"margin-top:0cm;margin-right:0cm;margin-bottom:22.5pt;margin-left:0cm\"><span style=\"font-family: proxima-nova, serif;\">In Germany<\/span><o:p><\/o:p><\/p><p class=\"font8\" style=\"margin:0cm\"><span class=\"wixui-rich-texttext\">Matthias Gerngross,\nDipl-Betriebswirt (FH)<\/span><span style=\"font-family: Roboto;\"><o:p><\/o:p><\/span><\/p><p class=\"font8\" style=\"margin:0cm\"><span class=\"wixui-rich-texttext\"><span style=\"font-family: proxima-nova, serif;\">Telephone +52 (55) 5080 4530 \/ Mobile +49 160 33 76 278 \/ Mail:&nbsp;<a href=\"mailto:matthias.gerngross@meztaxlegal.com\" data-auto-recognition=\"true\" style=\"--linkdeco: none;\">matthias.gerngross@meztaxlegal.com<\/a><\/span><\/span><span style=\"font-family: Roboto;\"><o:p><\/o:p><\/span><\/p><p class=\"font8\" style=\"margin:0cm\"><span class=\"wixui-rich-texttext\">Matthias Gerngross lives in Germany and is the head of the German representation office of Molina, Escalante &amp; Zapien, S.C. in Germany.<\/span><span style=\"font-family: Roboto;\"><o:p><\/o:p><\/span><\/p><p class=\"font8\" style=\"margin-top:0cm;margin-right:0cm;margin-bottom:0cm;margin-left:18.0pt\"><span class=\"wixui-rich-texttext\">&nbsp;<\/span><span style=\"font-family: Roboto;\"><o:p><\/o:p><\/span><\/p><p class=\"font8\" style=\"margin:0cm\"><span class=\"wixui-rich-texttext\">In Mexico<o:p><\/o:p><\/span><\/p><p class=\"font8\" style=\"margin:0cm\"><span class=\"wixui-rich-texttext\">&nbsp;<\/span><\/p><p class=\"font8\" style=\"margin:0cm\"><span class=\"wixui-rich-texttext\">Juan Carlos Molina, LL.M.\n(WU-Wien)<\/span><span style=\"font-family: Roboto;\"><o:p><\/o:p><\/span><\/p><p class=\"font8\" style=\"margin:0cm\"><span class=\"wixui-rich-texttext\"><span style=\"font-family: proxima-nova, serif;\">Telephone +52 (55) 5080 4530 \/ Mobile +52 (155) 1473 3035 \/ Mail:&nbsp;<a href=\"mailto:juan.molina@meztaxlegal.com\" data-auto-recognition=\"true\" style=\"--linkdeco: none;\">juan.molina@meztaxlegal.com<\/a><\/span><\/span><span style=\"font-family: Roboto;\"><o:p><\/o:p><\/span><\/p><p class=\"font_8 wixui-rich-text__text\">\n\n\n\n\n\n\n\n\n\n\n\n\n\n\n\n\n\n\n\n\n\n\n\n\n\n\n\n\n\n\n\n\n\n\n\n\n\n\n\n\n\n\n\n\n\n\n\n\n\n<\/p><p class=\"font8\" style=\"margin:0cm\"><span class=\"wixui-rich-texttext\">Juan Molina is a tax advisor in Mexico and is the head of the international tax practice of Molina, Escalante &amp; Zapien, S.C. in Mexico.<\/span><span style=\"font-family: Roboto;\"><o:p><\/o:p><\/span><\/p><ul>\n<\/ul><\/div>\n\t\t\t\t<\/div>\n\t\t\t\t\t\t\t<div class=\"elementor-accordion-item\">\n\t\t\t\t\t<div id=\"elementor-tab-title-1732\" class=\"elementor-tab-title\" data-tab=\"2\" role=\"button\" aria-controls=\"elementor-tab-content-1732\" aria-expanded=\"false\">\n\t\t\t\t\t\t\t\t\t\t\t\t\t<span class=\"elementor-accordion-icon elementor-accordion-icon-left\" aria-hidden=\"true\">\n\t\t\t\t\t\t\t\t\t\t\t\t\t\t\t<span class=\"elementor-accordion-icon-closed\"><svg class=\"e-font-icon-svg e-fas-plus\" viewbox=\"0 0 448 512\" xmlns=\"http:\/\/www.w3.org\/2000\/svg\"><path d=\"M416 208H272V64c0-17.67-14.33-32-32-32h-32c-17.67 0-32 14.33-32 32v144H32c-17.67 0-32 14.33-32 32v32c0 17.67 14.33 32 32 32h144v144c0 17.67 14.33 32 32 32h32c17.67 0 32-14.33 32-32V304h144c17.67 0 32-14.33 32-32v-32c0-17.67-14.33-32-32-32z\"><\/path><\/svg><\/span>\n\t\t\t\t\t\t\t\t<span class=\"elementor-accordion-icon-opened\"><svg class=\"e-font-icon-svg e-fas-minus\" viewbox=\"0 0 448 512\" xmlns=\"http:\/\/www.w3.org\/2000\/svg\"><path d=\"M416 208H32c-17.67 0-32 14.33-32 32v32c0 17.67 14.33 32 32 32h384c17.67 0 32-14.33 32-32v-32c0-17.67-14.33-32-32-32z\"><\/path><\/svg><\/span>\n\t\t\t\t\t\t\t\t\t\t\t\t\t\t<\/span>\n\t\t\t\t\t\t\t\t\t\t\t\t<a class=\"elementor-accordion-title\" tabindex=\"0\">German<\/a>\n\t\t\t\t\t<\/div>\n\t\t\t\t\t<div id=\"elementor-tab-content-1732\" class=\"elementor-tab-content elementor-clearfix\" data-tab=\"2\" role=\"region\" aria-labelledby=\"elementor-tab-title-1732\"><p class=\"font_8 wixui-rich-text__text\"><span class=\"wixui-rich-text__text\" style=\"font-family: proxima-nova;\">Unsere deutsche Abteilung dient deutschen und \u00f6sterreichischen Investoren als erfahrene und professionelle Hilfe auf dem Weg in den mexikanischen und lateinamerikanischen Markt. Wir haben ein erfahrenes Team in unseren verschiedenen Fachgebieten, das alle Anforderungen an Gesch\u00e4ftsbeziehungen mit Mexiko abdeckt.<\/span><\/p>\n<p class=\"font_8 wixui-rich-text__text\"><span class=\"wixui-rich-text__text\" style=\"font-family: proxima-nova;\">Neben einem erfahrenen Team in Mexiko haben wir ein Netzwerk, mit dem wir in der Vergangenheit erfolgreich zusammengearbeitet haben, um Investoren nicht nur nach Mexiko, sondern auch nach Lateinamerika zu f\u00fchren. Mit unserer Hilfe konnte eine Vielzahl von Kunden viele Male in der Lateinamerikanischen Region expandieren.<\/span><\/p>\n<p class=\"font_8 wixui-rich-text__text\"><span class=\"wixui-rich-text__text\" style=\"font-family: proxima-nova;\">In unserer deutschen Abteilung sind nicht nur erfahrene Fachkr\u00e4fte in Mexiko, sondern auch in Deutschland mit st\u00e4ndiger Pr\u00e4senz vertreten. Dies soll dazu beitragen, die Kommunikation zu beschleunigen und dabei die gleiche Zeitzone, Sprache und Unternehmenskultur aus erster Hand zu nutzen. Unser Partner in Deutschland wird Ihnen helfen, das Gesch\u00e4ftsumfeld in Mexiko und das gesamte Projekt f\u00fcr den Eintritt in den mexikanischen und lateinamerikanischen Markt schneller und leichter zu verstehen.<\/span><\/p>\n<p class=\"font_8 wixui-rich-text__text\"><span class=\"wixui-rich-text__text\" style=\"font-family: proxima-nova;\">Aufgrund unserer Erfahrung mit deutschen Unternehmen und dem deutschen Gesch\u00e4ftsumfeld k\u00f6nnen wir unseren Kunden in Mexiko oder Lateinamerika helfen, den deutschen Markt von verschiedenen Standpunkten aus mit der richtigen Beratung zu erreichen.<\/span><\/p>\n<p class=\"font_8 wixui-rich-text__text\"><span class=\"wixui-rich-text__text\" style=\"font-family: proxima-nova;\">Wir helfen unseren Mandanten nicht nur im traditionellen Sinne der Rechtsberatung, Buchf\u00fchrung und dergleichen, sondern gehen als Mehrwert noch einen Schritt weiter und helfen unseren Mandanten mit der richtigen Beratung, einen Gesch\u00e4ftspartner in Deutschland oder in Mexiko zur Nutzung weiterer Gesch\u00e4ftsm\u00f6glichkeiten zu finden. Wir freuen uns \u00fcber Ihren Kontakt.<\/span><\/p>\n<p class=\"font_8 wixui-rich-text__text\"><span class=\"wixui-rich-text__text\" style=\"font-family: proxima-nova;\">Unsere T\u00e4tigkeitsbereiche:<\/span><\/p>\n<ul>\n<li class=\"font_8 wixui-rich-text__text\"><span class=\"wixui-rich-text__text\" style=\"font-family: proxima-nova;\">&nbsp;Rechtsberatung<\/span><\/li>\n<li class=\"font_8 wixui-rich-text__text\"><span class=\"wixui-rich-text__text\" style=\"font-family: proxima-nova;\">&nbsp;Steuerberatung<\/span><\/li>\n<li class=\"font_8 wixui-rich-text__text\"><span class=\"wixui-rich-text__text\" style=\"font-family: proxima-nova;\">&nbsp;Zoll und Export<\/span><\/li>\n<li class=\"font_8 wixui-rich-text__text\"><span class=\"wixui-rich-text__text\" style=\"font-family: proxima-nova;\">Wirtschaftspr\u00fcfung<\/span><\/li>\n<li class=\"font_8 wixui-rich-text__text\"><span class=\"wixui-rich-text__text\" style=\"font-family: proxima-nova;\">&nbsp;Buchhaltung<\/span><\/li>\n<li class=\"font_8 wixui-rich-text__text\"><span class=\"wixui-rich-text__text\" style=\"font-family: proxima-nova;\">&nbsp;Compliance<\/span><\/li>\n<li class=\"font_8 wixui-rich-text__text\"><span class=\"wixui-rich-text__text\" style=\"font-family: proxima-nova;\">&nbsp;Transfer Pricing<\/span><\/li>\n<li class=\"font_8 wixui-rich-text__text\"><span class=\"wixui-rich-text__text\" style=\"font-family: proxima-nova;\">&nbsp;Wirtschaftsberatung<\/span><\/li>\n<li class=\"font_8 wixui-rich-text__text\"><span class=\"wixui-rich-text__text\" style=\"font-family: proxima-nova;\"><br><\/span><\/li>\n<li class=\"font_8 wixui-rich-text__text\"><span class=\"wixui-rich-text__text\" style=\"font-family: proxima-nova;\">Ihre Ansprechpartner:<\/span><\/li>\n<li class=\"font_8 wixui-rich-text__text\"><span class=\"wixui-rich-text__text\" style=\"font-family: proxima-nova;\">In Deutschland<\/span><\/li>\n<li class=\"font_8 wixui-rich-text__text\"><span class=\"wixui-rich-text__text\" style=\"font-family: proxima-nova;\"><br><\/span><\/li>\n<li class=\"font_8 wixui-rich-text__text\"><span class=\"wixui-rich-text__text\" style=\"font-family: proxima-nova;\">Matthias Gerngross, Dipl-Betriebswirt (FH)<\/span><\/li>\n<li class=\"font_8 wixui-rich-text__text\"><span class=\"wixui-rich-text__text\" style=\"font-family: proxima-nova;\">Telefon +52 (55) 5080 4530 \/ Mobil +49 160 33 76 278 \/ Mail:<a class=\"wixui-rich-text__text\" href=\"mailto:matthias.gerngross@meztaxlegal.com\" data-auto-recognition=\"true\">matthias.gerngross@meztaxlegal.com<\/a><\/span><\/li>\n<li class=\"font_8 wixui-rich-text__text\"><span class=\"wixui-rich-text__text\" style=\"font-family: proxima-nova;\">Matthias Gerngross lebt in Deutschland und f\u00fchrt die deutsche Repr\u00e4sentanz von Molina, Escalante &amp; Zapien, S.C. in Deutschland.<\/span><\/li>\n<li class=\"font_8 wixui-rich-text__text\"><span class=\"wixui-rich-text__text\" style=\"font-family: proxima-nova;\"><br><\/span><\/li>\n<li class=\"font_8 wixui-rich-text__text\"><span class=\"wixui-rich-text__text\" style=\"font-family: proxima-nova;\">In Mexiko<\/span><\/li><li class=\"font_8 wixui-rich-text__text\"><span class=\"wixui-rich-text__text\" style=\"font-family: proxima-nova;\"><br><\/span><\/li>\n<li class=\"font_8 wixui-rich-text__text\"><span class=\"wixui-rich-text__text\" style=\"font-family: proxima-nova;\">Juan Carlos Molina, LL.M. (WU-Wien)<\/span><\/li>\n<li class=\"font_8 wixui-rich-text__text\"><span class=\"wixui-rich-text__text\" style=\"font-family: proxima-nova;\">Telefon +52 (55) 5080 4530 \/ Mobil +52 (155) 1473 3035 \/ Mail:&nbsp;<a class=\"wixui-rich-text__text\" href=\"mailto:juan.molina@meztaxlegal.com\" data-auto-recognition=\"true\">juan.molina@meztaxlegal.com<\/a><\/span><\/li>\n<li class=\"font_8 wixui-rich-text__text\"><span class=\"wixui-rich-text__text\" style=\"font-family: proxima-nova;\">Juan Molina ist ein Steuerberater in Mexiko und leitet das Gesch\u00e4ftsfeld internationale Steuerberatung von Molina, Escalante &amp; Zapien, S.C. in Mexiko.<\/span><\/li>\n<\/ul><\/div>\n\t\t\t\t<\/div>\n\t\t\t\t\t\t\t\t<\/div>\n\t\t\t\t\t\t<\/div>\n\t\t\t\t<\/div>\n\t\t\t\t<\/div>\n\t\t<div class=\"elementor-element elementor-element-6b30f46e e-con-full e-flex e-con e-child\" data-id=\"6b30f46e\" data-element_type=\"container\">\n\t\t\t\t<\/div>\n\t\t\t\t\t<\/div>\n\t\t\t\t<\/div>\n\t\t\t\t<\/div>","protected":false},"excerpt":{"rendered":"<p>Pr\u00e1ctica alemana Espa\u00f1ol Nuestra pr\u00e1ctica alemana est\u00e1 dise\u00f1ada para servir como asistencia profesional y experimentada a inversionistas alemanes y austriacos en su entrada al mercado mexicano y latinoamericano. Contamos con un equipo con amplia experiencia en las diferentes \u00e1reas de pr\u00e1ctica, pensado para cubrir las necesidades que el negocio pueda tener. Adem\u00e1s de un equipo&hellip;&nbsp;<a href=\"https:\/\/meztaxlegal.com\/en\/practica-alemana\/\" class=\"\" rel=\"bookmark\">Read More &raquo;<span class=\"screen-reader-text\">German Practice<\/span><\/a><\/p>","protected":false},"author":3,"featured_media":0,"parent":0,"menu_order":0,"comment_status":"closed","ping_status":"closed","template":"elementor_header_footer","meta":{"neve_meta_sidebar":"","neve_meta_container":"","neve_meta_enable_content_width":"","neve_meta_content_width":0,"neve_meta_title_alignment":"","neve_meta_author_avatar":"","neve_post_elements_order":"","neve_meta_disable_header":"","neve_meta_disable_footer":"","neve_meta_disable_title":"","footnotes":""},"class_list":["post-356","page","type-page","status-publish","hentry"],"_links":{"self":[{"href":"https:\/\/meztaxlegal.com\/en\/wp-json\/wp\/v2\/pages\/356","targetHints":{"allow":["GET"]}}],"collection":[{"href":"https:\/\/meztaxlegal.com\/en\/wp-json\/wp\/v2\/pages"}],"about":[{"href":"https:\/\/meztaxlegal.com\/en\/wp-json\/wp\/v2\/types\/page"}],"author":[{"embeddable":true,"href":"https:\/\/meztaxlegal.com\/en\/wp-json\/wp\/v2\/users\/3"}],"replies":[{"embeddable":true,"href":"https:\/\/meztaxlegal.com\/en\/wp-json\/wp\/v2\/comments?post=356"}],"version-history":[{"count":46,"href":"https:\/\/meztaxlegal.com\/en\/wp-json\/wp\/v2\/pages\/356\/revisions"}],"predecessor-version":[{"id":1694,"href":"https:\/\/meztaxlegal.com\/en\/wp-json\/wp\/v2\/pages\/356\/revisions\/1694"}],"wp:attachment":[{"href":"https:\/\/meztaxlegal.com\/en\/wp-json\/wp\/v2\/media?parent=356"}],"curies":[{"name":"wp","href":"https:\/\/api.w.org\/{rel}","templated":true}]}}